{"id":119,"date":"2015-07-20T15:31:27","date_gmt":"2015-07-20T15:31:27","guid":{"rendered":"http:\/\/kalbfuss.apps-1and1.net\/?page_id=119"},"modified":"2025-02-26T09:48:19","modified_gmt":"2025-02-26T09:48:19","slug":"einbau-moebel","status":"publish","type":"page","link":"https:\/\/schreinerei-kalbfuss.de\/en\/leistungen\/einbau-moebel\/","title":{"rendered":"Installation &amp; furniture"},"content":{"rendered":"<div class=\"text-big-2\"><img loading=\"lazy\" decoding=\"async\" class=\"alignright size-full wp-image-297\" src=\"https:\/\/schreinerei-kalbfuss.de\/wp-content\/uploads\/2015\/10\/treppenschrank.jpg\" alt=\"treppenschrank\" width=\"300\" height=\"300\" srcset=\"https:\/\/schreinerei-kalbfuss.de\/wp-content\/uploads\/2015\/10\/treppenschrank.jpg 300w, https:\/\/schreinerei-kalbfuss.de\/wp-content\/uploads\/2015\/10\/treppenschrank-150x150.jpg 150w\" sizes=\"auto, (max-width: 300px) 100vw, 300px\" \/>W A R D R O B E S<\/div>\n<p>You have more space than you realise: With a customised built-in wardrobe, you can make the most of every niche and every corner. With us, you skilfully combine quality, function and aesthetics - and get truly individualised solutions: This starts with the material (all types of wood, plastic, aluminium, glass or appropriate combinations) and doesn't end with the interior layout.<\/p>\n<p>Talk to us - we will be happy to advise you on which wardrobe solutions are best suited to your room.<\/p>\n<p><img loading=\"lazy\" decoding=\"async\" class=\"alignleft size-full wp-image-311\" src=\"https:\/\/schreinerei-kalbfuss.de\/wp-content\/uploads\/2015\/10\/outdoor-bett.jpg\" alt=\"outdoor-bett\" width=\"300\" height=\"300\" srcset=\"https:\/\/schreinerei-kalbfuss.de\/wp-content\/uploads\/2015\/10\/outdoor-bett.jpg 300w, https:\/\/schreinerei-kalbfuss.de\/wp-content\/uploads\/2015\/10\/outdoor-bett-150x150.jpg 150w\" sizes=\"auto, (max-width: 300px) 100vw, 300px\" \/><\/p>\n<div class=\"text-big-2\">F U R N I T U R E S<\/div>\n<p>Have you been looking for a particular piece of furniture for a long time, but just can't find what you really like? Then it's best to come to us. Whether it's a bed, table, chair, wardrobe, sideboard, display cabinet or shelf - we design and manufacture a piece of furniture just for you that fulfils all your requirements and wishes.<\/p>\n<p>Interesting for business customers: You will find our work not only in private homes, but also in intensively used environments such as the MainTower, the Frankfurt branch of Bloomberg LP (both Frankfurt\/M.) or the Heidelberg Tourist Information Centre. Quality that will convince you too.<\/p>","protected":false},"excerpt":{"rendered":"<p>E I N B A U S C H R \u00c4 N K E Sie haben mehr Platz, als Sie ahnen: Mit einem individuellen Einbauschrank nach Ma\u00df k\u00f6nnen Sie jede Nische und jeden Winkel optimal ausnutzen. Mit uns verbinden Sie gekonnt Qualit\u00e4t, Funktion und \u00c4sthetik \u2013 und bekommen wirklich individuelle L\u00f6sungen: Das f\u00e4ngt beim Material [&hellip;]<\/p>","protected":false},"author":1,"featured_media":0,"parent":326,"menu_order":4,"comment_status":"closed","ping_status":"open","template":"","meta":{"footnotes":""},"class_list":["post-119","page","type-page","status-publish","hentry"],"yoast_head":"<!-- This site is optimized with the Yoast SEO plugin v27.6 - https:\/\/yoast.com\/product\/yoast-seo-wordpress\/ -->\n<title>Einbau &amp; M\u00f6bel - Schreinerei Kalbfuss<\/title>\n<meta name=\"robots\" content=\"index, follow, max-snippet:-1, max-image-preview:large, max-video-preview:-1\" \/>\n<link rel=\"canonical\" href=\"https:\/\/schreinerei-kalbfuss.de\/en\/leistungen\/einbau-moebel\/\" \/>\n<meta property=\"og:locale\" content=\"en_GB\" \/>\n<meta property=\"og:type\" content=\"article\" \/>\n<meta property=\"og:title\" content=\"Einbau &amp; M\u00f6bel - Schreinerei Kalbfuss\" \/>\n<meta property=\"og:description\" content=\"E I N B A U S C H R \u00c4 N K E Sie haben mehr Platz, als Sie ahnen: Mit einem individuellen Einbauschrank nach Ma\u00df k\u00f6nnen Sie jede Nische und jeden Winkel optimal ausnutzen. Mit uns verbinden Sie gekonnt Qualit\u00e4t, Funktion und \u00c4sthetik \u2013 und bekommen wirklich individuelle L\u00f6sungen: Das f\u00e4ngt beim Material [&hellip;]\" \/>\n<meta property=\"og:url\" content=\"https:\/\/schreinerei-kalbfuss.de\/en\/leistungen\/einbau-moebel\/\" \/>\n<meta property=\"og:site_name\" content=\"Schreinerei Kalbfuss\" \/>\n<meta property=\"article:modified_time\" content=\"2025-02-26T09:48:19+00:00\" \/>\n<meta property=\"og:image\" content=\"https:\/\/schreinerei-kalbfuss.de\/wp-content\/uploads\/2015\/10\/treppenschrank.jpg\" \/>\n\t<meta property=\"og:image:width\" content=\"300\" \/>\n\t<meta property=\"og:image:height\" content=\"300\" \/>\n\t<meta property=\"og:image:type\" content=\"image\/jpeg\" \/>\n<meta name=\"twitter:card\" content=\"summary_large_image\" \/>\n<meta name=\"twitter:label1\" content=\"Estimated reading time\" \/>\n\t<meta name=\"twitter:data1\" content=\"2 minutes\" \/>\n<script type=\"application\/ld+json\" class=\"yoast-schema-graph\">{\"@context\":\"https:\\\/\\\/schema.org\",\"@graph\":[{\"@type\":\"WebPage\",\"@id\":\"https:\\\/\\\/schreinerei-kalbfuss.de\\\/leistungen\\\/einbau-moebel\\\/\",\"url\":\"https:\\\/\\\/schreinerei-kalbfuss.de\\\/leistungen\\\/einbau-moebel\\\/\",\"name\":\"Einbau & M\u00f6bel - Schreinerei Kalbfuss\",\"isPartOf\":{\"@id\":\"https:\\\/\\\/schreinerei-kalbfuss.de\\\/#website\"},\"primaryImageOfPage\":{\"@id\":\"https:\\\/\\\/schreinerei-kalbfuss.de\\\/leistungen\\\/einbau-moebel\\\/#primaryimage\"},\"image\":{\"@id\":\"https:\\\/\\\/schreinerei-kalbfuss.de\\\/leistungen\\\/einbau-moebel\\\/#primaryimage\"},\"thumbnailUrl\":\"https:\\\/\\\/schreinerei-kalbfuss.de\\\/wp-content\\\/uploads\\\/2015\\\/10\\\/treppenschrank.jpg\",\"datePublished\":\"2015-07-20T15:31:27+00:00\",\"dateModified\":\"2025-02-26T09:48:19+00:00\",\"breadcrumb\":{\"@id\":\"https:\\\/\\\/schreinerei-kalbfuss.de\\\/leistungen\\\/einbau-moebel\\\/#breadcrumb\"},\"inLanguage\":\"en-GB\",\"potentialAction\":[{\"@type\":\"ReadAction\",\"target\":[\"https:\\\/\\\/schreinerei-kalbfuss.de\\\/leistungen\\\/einbau-moebel\\\/\"]}]},{\"@type\":\"ImageObject\",\"inLanguage\":\"en-GB\",\"@id\":\"https:\\\/\\\/schreinerei-kalbfuss.de\\\/leistungen\\\/einbau-moebel\\\/#primaryimage\",\"url\":\"https:\\\/\\\/schreinerei-kalbfuss.de\\\/wp-content\\\/uploads\\\/2015\\\/10\\\/treppenschrank.jpg\",\"contentUrl\":\"https:\\\/\\\/schreinerei-kalbfuss.de\\\/wp-content\\\/uploads\\\/2015\\\/10\\\/treppenschrank.jpg\"},{\"@type\":\"BreadcrumbList\",\"@id\":\"https:\\\/\\\/schreinerei-kalbfuss.de\\\/leistungen\\\/einbau-moebel\\\/#breadcrumb\",\"itemListElement\":[{\"@type\":\"ListItem\",\"position\":1,\"name\":\"Startseite\",\"item\":\"https:\\\/\\\/schreinerei-kalbfuss.de\\\/\"},{\"@type\":\"ListItem\",\"position\":2,\"name\":\"Unsere Leistungen\",\"item\":\"https:\\\/\\\/schreinerei-kalbfuss.de\\\/leistungen\\\/\"},{\"@type\":\"ListItem\",\"position\":3,\"name\":\"Einbau &#038; M\u00f6bel\"}]},{\"@type\":\"WebSite\",\"@id\":\"https:\\\/\\\/schreinerei-kalbfuss.de\\\/#website\",\"url\":\"https:\\\/\\\/schreinerei-kalbfuss.de\\\/\",\"name\":\"Schreinerei Kalbfuss\",\"description\":\"\",\"publisher\":{\"@id\":\"https:\\\/\\\/schreinerei-kalbfuss.de\\\/#organization\"},\"potentialAction\":[{\"@type\":\"SearchAction\",\"target\":{\"@type\":\"EntryPoint\",\"urlTemplate\":\"https:\\\/\\\/schreinerei-kalbfuss.de\\\/?s={search_term_string}\"},\"query-input\":{\"@type\":\"PropertyValueSpecification\",\"valueRequired\":true,\"valueName\":\"search_term_string\"}}],\"inLanguage\":\"en-GB\"},{\"@type\":\"Organization\",\"@id\":\"https:\\\/\\\/schreinerei-kalbfuss.de\\\/#organization\",\"name\":\"Schreinerei Kalbfuss\",\"url\":\"https:\\\/\\\/schreinerei-kalbfuss.de\\\/\",\"logo\":{\"@type\":\"ImageObject\",\"inLanguage\":\"en-GB\",\"@id\":\"https:\\\/\\\/schreinerei-kalbfuss.de\\\/#\\\/schema\\\/logo\\\/image\\\/\",\"url\":\"https:\\\/\\\/schreinerei-kalbfuss.de\\\/wp-content\\\/uploads\\\/2022\\\/11\\\/dreieck-mblau03.gif\",\"contentUrl\":\"https:\\\/\\\/schreinerei-kalbfuss.de\\\/wp-content\\\/uploads\\\/2022\\\/11\\\/dreieck-mblau03.gif\",\"width\":90,\"height\":90,\"caption\":\"Schreinerei Kalbfuss\"},\"image\":{\"@id\":\"https:\\\/\\\/schreinerei-kalbfuss.de\\\/#\\\/schema\\\/logo\\\/image\\\/\"}}]}<\/script>\n<!-- \/ Yoast SEO plugin. -->","yoast_head_json":{"title":"Einbau & M\u00f6bel - Schreinerei Kalbfuss","robots":{"index":"index","follow":"follow","max-snippet":"max-snippet:-1","max-image-preview":"max-image-preview:large","max-video-preview":"max-video-preview:-1"},"canonical":"https:\/\/schreinerei-kalbfuss.de\/en\/leistungen\/einbau-moebel\/","og_locale":"en_GB","og_type":"article","og_title":"Einbau & M\u00f6bel - Schreinerei Kalbfuss","og_description":"E I N B A U S C H R \u00c4 N K E Sie haben mehr Platz, als Sie ahnen: Mit einem individuellen Einbauschrank nach Ma\u00df k\u00f6nnen Sie jede Nische und jeden Winkel optimal ausnutzen. Mit uns verbinden Sie gekonnt Qualit\u00e4t, Funktion und \u00c4sthetik \u2013 und bekommen wirklich individuelle L\u00f6sungen: Das f\u00e4ngt beim Material [&hellip;]","og_url":"https:\/\/schreinerei-kalbfuss.de\/en\/leistungen\/einbau-moebel\/","og_site_name":"Schreinerei Kalbfuss","article_modified_time":"2025-02-26T09:48:19+00:00","og_image":[{"width":300,"height":300,"url":"https:\/\/schreinerei-kalbfuss.de\/wp-content\/uploads\/2015\/10\/treppenschrank.jpg","type":"image\/jpeg"}],"twitter_card":"summary_large_image","twitter_misc":{"Estimated reading time":"2 minutes"},"schema":{"@context":"https:\/\/schema.org","@graph":[{"@type":"WebPage","@id":"https:\/\/schreinerei-kalbfuss.de\/leistungen\/einbau-moebel\/","url":"https:\/\/schreinerei-kalbfuss.de\/leistungen\/einbau-moebel\/","name":"Einbau & M\u00f6bel - Schreinerei Kalbfuss","isPartOf":{"@id":"https:\/\/schreinerei-kalbfuss.de\/#website"},"primaryImageOfPage":{"@id":"https:\/\/schreinerei-kalbfuss.de\/leistungen\/einbau-moebel\/#primaryimage"},"image":{"@id":"https:\/\/schreinerei-kalbfuss.de\/leistungen\/einbau-moebel\/#primaryimage"},"thumbnailUrl":"https:\/\/schreinerei-kalbfuss.de\/wp-content\/uploads\/2015\/10\/treppenschrank.jpg","datePublished":"2015-07-20T15:31:27+00:00","dateModified":"2025-02-26T09:48:19+00:00","breadcrumb":{"@id":"https:\/\/schreinerei-kalbfuss.de\/leistungen\/einbau-moebel\/#breadcrumb"},"inLanguage":"en-GB","potentialAction":[{"@type":"ReadAction","target":["https:\/\/schreinerei-kalbfuss.de\/leistungen\/einbau-moebel\/"]}]},{"@type":"ImageObject","inLanguage":"en-GB","@id":"https:\/\/schreinerei-kalbfuss.de\/leistungen\/einbau-moebel\/#primaryimage","url":"https:\/\/schreinerei-kalbfuss.de\/wp-content\/uploads\/2015\/10\/treppenschrank.jpg","contentUrl":"https:\/\/schreinerei-kalbfuss.de\/wp-content\/uploads\/2015\/10\/treppenschrank.jpg"},{"@type":"BreadcrumbList","@id":"https:\/\/schreinerei-kalbfuss.de\/leistungen\/einbau-moebel\/#breadcrumb","itemListElement":[{"@type":"ListItem","position":1,"name":"Startseite","item":"https:\/\/schreinerei-kalbfuss.de\/"},{"@type":"ListItem","position":2,"name":"Unsere Leistungen","item":"https:\/\/schreinerei-kalbfuss.de\/leistungen\/"},{"@type":"ListItem","position":3,"name":"Einbau &#038; M\u00f6bel"}]},{"@type":"WebSite","@id":"https:\/\/schreinerei-kalbfuss.de\/#website","url":"https:\/\/schreinerei-kalbfuss.de\/","name":"Schreinerei Kalbfuss","description":"","publisher":{"@id":"https:\/\/schreinerei-kalbfuss.de\/#organization"},"potentialAction":[{"@type":"SearchAction","target":{"@type":"EntryPoint","urlTemplate":"https:\/\/schreinerei-kalbfuss.de\/?s={search_term_string}"},"query-input":{"@type":"PropertyValueSpecification","valueRequired":true,"valueName":"search_term_string"}}],"inLanguage":"en-GB"},{"@type":"Organization","@id":"https:\/\/schreinerei-kalbfuss.de\/#organization","name":"Schreinerei Kalbfuss","url":"https:\/\/schreinerei-kalbfuss.de\/","logo":{"@type":"ImageObject","inLanguage":"en-GB","@id":"https:\/\/schreinerei-kalbfuss.de\/#\/schema\/logo\/image\/","url":"https:\/\/schreinerei-kalbfuss.de\/wp-content\/uploads\/2022\/11\/dreieck-mblau03.gif","contentUrl":"https:\/\/schreinerei-kalbfuss.de\/wp-content\/uploads\/2022\/11\/dreieck-mblau03.gif","width":90,"height":90,"caption":"Schreinerei Kalbfuss"},"image":{"@id":"https:\/\/schreinerei-kalbfuss.de\/#\/schema\/logo\/image\/"}}]}},"_links":{"self":[{"href":"https:\/\/schreinerei-kalbfuss.de\/en\/wp-json\/wp\/v2\/pages\/119","targetHints":{"allow":["GET"]}}],"collection":[{"href":"https:\/\/schreinerei-kalbfuss.de\/en\/wp-json\/wp\/v2\/pages"}],"about":[{"href":"https:\/\/schreinerei-kalbfuss.de\/en\/wp-json\/wp\/v2\/types\/page"}],"author":[{"embeddable":true,"href":"https:\/\/schreinerei-kalbfuss.de\/en\/wp-json\/wp\/v2\/users\/1"}],"replies":[{"embeddable":true,"href":"https:\/\/schreinerei-kalbfuss.de\/en\/wp-json\/wp\/v2\/comments?post=119"}],"version-history":[{"count":29,"href":"https:\/\/schreinerei-kalbfuss.de\/en\/wp-json\/wp\/v2\/pages\/119\/revisions"}],"predecessor-version":[{"id":596,"href":"https:\/\/schreinerei-kalbfuss.de\/en\/wp-json\/wp\/v2\/pages\/119\/revisions\/596"}],"up":[{"embeddable":true,"href":"https:\/\/schreinerei-kalbfuss.de\/en\/wp-json\/wp\/v2\/pages\/326"}],"wp:attachment":[{"href":"https:\/\/schreinerei-kalbfuss.de\/en\/wp-json\/wp\/v2\/media?parent=119"}],"curies":[{"name":"wp","href":"https:\/\/api.w.org\/{rel}","templated":true}]}}