{"id":22,"date":"2015-07-18T17:12:12","date_gmt":"2015-07-18T17:12:12","guid":{"rendered":"http:\/\/kalbfuss.apps-1and1.net\/?page_id=22"},"modified":"2015-10-07T17:01:21","modified_gmt":"2015-10-07T17:01:21","slug":"kuechen","status":"publish","type":"page","link":"https:\/\/schreinerei-kalbfuss.de\/en\/kuechen\/","title":{"rendered":"Kitchen"},"content":{"rendered":"<p><img loading=\"lazy\" decoding=\"async\" class=\"aligncenter size-full wp-image-366\" src=\"https:\/\/schreinerei-kalbfuss.de\/wp-content\/uploads\/2015\/07\/kuechen-header02.jpg\" alt=\"kuechen-header02\" width=\"1170\" height=\"420\" srcset=\"https:\/\/schreinerei-kalbfuss.de\/wp-content\/uploads\/2015\/07\/kuechen-header02.jpg 1170w, https:\/\/schreinerei-kalbfuss.de\/wp-content\/uploads\/2015\/07\/kuechen-header02-300x108.jpg 300w, https:\/\/schreinerei-kalbfuss.de\/wp-content\/uploads\/2015\/07\/kuechen-header02-1024x368.jpg 1024w\" sizes=\"auto, (max-width: 1170px) 100vw, 1170px\" \/><\/p>\n<div class=\"text-big-2\">KITCHENS for experts and for your home<img loading=\"lazy\" decoding=\"async\" class=\"alignright wp-image-96\" src=\"https:\/\/schreinerei-kalbfuss.de\/wp-content\/uploads\/2015\/07\/zeyko01-300x300.jpg\" alt=\"zeyko01\" width=\"275\" height=\"275\" srcset=\"https:\/\/schreinerei-kalbfuss.de\/wp-content\/uploads\/2015\/07\/zeyko01-300x300.jpg 300w, https:\/\/schreinerei-kalbfuss.de\/wp-content\/uploads\/2015\/07\/zeyko01-150x150.jpg 150w, https:\/\/schreinerei-kalbfuss.de\/wp-content\/uploads\/2015\/07\/zeyko01.jpg 400w\" sizes=\"auto, (max-width: 275px) 100vw, 275px\" \/><\/div>\n<p>Cooking is a pleasure - when the kitchen is designed exactly the way you want it. Your kitchen should function optimally and still look classy even after years of use - that's why quality is particularly important here.<\/p>\n<p>Smart use of space, premium appliances, professionally designed furniture and easy-care, durable worktops: From us, you get a custom-fit kitchen with a first-class look, optimum function and a personal touch. Tailored to your wishes, made from solid materials, completed on time and with perfect craftsmanship.<\/p>\n<p>Contact us to discuss your ideas - we are happy to realize even the most unusual wishes. No compromises, no restrictions due to standards, extra high, extra wide, extra deep: you alone decide!<\/p>","protected":false},"excerpt":{"rendered":"<p>K\u00dcCHEN f\u00fcr Profis und f\u00fcr Ihr Zuhause Kochen ist eine Freude \u2013 wenn die K\u00fcche genau so ausgelegt ist, wie Sie es sich w\u00fcnschen. Ihre K\u00fcche soll optimal funktionieren und auch nach Jahren noch edel aussehen \u2013 deshalb ist Qualit\u00e4t hier besonders wichtig. Geschickte Raumausnutzung, Top-Ger\u00e4te, professionell durchdachte M\u00f6bel und pflegeleichte, langlebige Arbeitsfl\u00e4chen: Von uns [&hellip;]<\/p>","protected":false},"author":1,"featured_media":0,"parent":0,"menu_order":2,"comment_status":"closed","ping_status":"closed","template":"","meta":{"footnotes":""},"class_list":["post-22","page","type-page","status-publish","hentry"],"yoast_head":"<!-- This site is optimized with the Yoast SEO plugin v27.6 - https:\/\/yoast.com\/product\/yoast-seo-wordpress\/ -->\n<title>K\u00fcchen - Schreinerei Kalbfuss<\/title>\n<meta name=\"robots\" content=\"index, follow, max-snippet:-1, max-image-preview:large, max-video-preview:-1\" \/>\n<link rel=\"canonical\" href=\"https:\/\/schreinerei-kalbfuss.de\/en\/kuechen\/\" \/>\n<meta property=\"og:locale\" content=\"en_GB\" \/>\n<meta property=\"og:type\" content=\"article\" \/>\n<meta property=\"og:title\" content=\"K\u00fcchen - Schreinerei Kalbfuss\" \/>\n<meta property=\"og:description\" content=\"K\u00dcCHEN f\u00fcr Profis und f\u00fcr Ihr Zuhause Kochen ist eine Freude \u2013 wenn die K\u00fcche genau so ausgelegt ist, wie Sie es sich w\u00fcnschen. Ihre K\u00fcche soll optimal funktionieren und auch nach Jahren noch edel aussehen \u2013 deshalb ist Qualit\u00e4t hier besonders wichtig. Geschickte Raumausnutzung, Top-Ger\u00e4te, professionell durchdachte M\u00f6bel und pflegeleichte, langlebige Arbeitsfl\u00e4chen: Von uns [&hellip;]\" \/>\n<meta property=\"og:url\" content=\"https:\/\/schreinerei-kalbfuss.de\/en\/kuechen\/\" \/>\n<meta property=\"og:site_name\" content=\"Schreinerei Kalbfuss\" \/>\n<meta property=\"article:modified_time\" content=\"2015-10-07T17:01:21+00:00\" \/>\n<meta property=\"og:image\" content=\"https:\/\/schreinerei-kalbfuss.de\/wp-content\/uploads\/2015\/07\/kuechen-header02.jpg\" \/>\n<meta name=\"twitter:card\" content=\"summary_large_image\" \/>\n<meta name=\"twitter:label1\" content=\"Estimated reading time\" \/>\n\t<meta name=\"twitter:data1\" content=\"1 minute\" \/>\n<script type=\"application\/ld+json\" class=\"yoast-schema-graph\">{\"@context\":\"https:\\\/\\\/schema.org\",\"@graph\":[{\"@type\":\"WebPage\",\"@id\":\"https:\\\/\\\/schreinerei-kalbfuss.de\\\/kuechen\\\/\",\"url\":\"https:\\\/\\\/schreinerei-kalbfuss.de\\\/kuechen\\\/\",\"name\":\"K\u00fcchen - Schreinerei Kalbfuss\",\"isPartOf\":{\"@id\":\"https:\\\/\\\/schreinerei-kalbfuss.de\\\/#website\"},\"primaryImageOfPage\":{\"@id\":\"https:\\\/\\\/schreinerei-kalbfuss.de\\\/kuechen\\\/#primaryimage\"},\"image\":{\"@id\":\"https:\\\/\\\/schreinerei-kalbfuss.de\\\/kuechen\\\/#primaryimage\"},\"thumbnailUrl\":\"https:\\\/\\\/schreinerei-kalbfuss.de\\\/wp-content\\\/uploads\\\/2015\\\/07\\\/kuechen-header02.jpg\",\"datePublished\":\"2015-07-18T17:12:12+00:00\",\"dateModified\":\"2015-10-07T17:01:21+00:00\",\"breadcrumb\":{\"@id\":\"https:\\\/\\\/schreinerei-kalbfuss.de\\\/kuechen\\\/#breadcrumb\"},\"inLanguage\":\"en-GB\",\"potentialAction\":[{\"@type\":\"ReadAction\",\"target\":[\"https:\\\/\\\/schreinerei-kalbfuss.de\\\/kuechen\\\/\"]}]},{\"@type\":\"ImageObject\",\"inLanguage\":\"en-GB\",\"@id\":\"https:\\\/\\\/schreinerei-kalbfuss.de\\\/kuechen\\\/#primaryimage\",\"url\":\"https:\\\/\\\/schreinerei-kalbfuss.de\\\/wp-content\\\/uploads\\\/2015\\\/07\\\/kuechen-header02.jpg\",\"contentUrl\":\"https:\\\/\\\/schreinerei-kalbfuss.de\\\/wp-content\\\/uploads\\\/2015\\\/07\\\/kuechen-header02.jpg\"},{\"@type\":\"BreadcrumbList\",\"@id\":\"https:\\\/\\\/schreinerei-kalbfuss.de\\\/kuechen\\\/#breadcrumb\",\"itemListElement\":[{\"@type\":\"ListItem\",\"position\":1,\"name\":\"Startseite\",\"item\":\"https:\\\/\\\/schreinerei-kalbfuss.de\\\/\"},{\"@type\":\"ListItem\",\"position\":2,\"name\":\"K\u00fcchen\"}]},{\"@type\":\"WebSite\",\"@id\":\"https:\\\/\\\/schreinerei-kalbfuss.de\\\/#website\",\"url\":\"https:\\\/\\\/schreinerei-kalbfuss.de\\\/\",\"name\":\"Schreinerei Kalbfuss\",\"description\":\"\",\"publisher\":{\"@id\":\"https:\\\/\\\/schreinerei-kalbfuss.de\\\/#organization\"},\"potentialAction\":[{\"@type\":\"SearchAction\",\"target\":{\"@type\":\"EntryPoint\",\"urlTemplate\":\"https:\\\/\\\/schreinerei-kalbfuss.de\\\/?s={search_term_string}\"},\"query-input\":{\"@type\":\"PropertyValueSpecification\",\"valueRequired\":true,\"valueName\":\"search_term_string\"}}],\"inLanguage\":\"en-GB\"},{\"@type\":\"Organization\",\"@id\":\"https:\\\/\\\/schreinerei-kalbfuss.de\\\/#organization\",\"name\":\"Schreinerei Kalbfuss\",\"url\":\"https:\\\/\\\/schreinerei-kalbfuss.de\\\/\",\"logo\":{\"@type\":\"ImageObject\",\"inLanguage\":\"en-GB\",\"@id\":\"https:\\\/\\\/schreinerei-kalbfuss.de\\\/#\\\/schema\\\/logo\\\/image\\\/\",\"url\":\"https:\\\/\\\/schreinerei-kalbfuss.de\\\/wp-content\\\/uploads\\\/2022\\\/11\\\/dreieck-mblau03.gif\",\"contentUrl\":\"https:\\\/\\\/schreinerei-kalbfuss.de\\\/wp-content\\\/uploads\\\/2022\\\/11\\\/dreieck-mblau03.gif\",\"width\":90,\"height\":90,\"caption\":\"Schreinerei Kalbfuss\"},\"image\":{\"@id\":\"https:\\\/\\\/schreinerei-kalbfuss.de\\\/#\\\/schema\\\/logo\\\/image\\\/\"}}]}<\/script>\n<!-- \/ Yoast SEO plugin. -->","yoast_head_json":{"title":"K\u00fcchen - Schreinerei Kalbfuss","robots":{"index":"index","follow":"follow","max-snippet":"max-snippet:-1","max-image-preview":"max-image-preview:large","max-video-preview":"max-video-preview:-1"},"canonical":"https:\/\/schreinerei-kalbfuss.de\/en\/kuechen\/","og_locale":"en_GB","og_type":"article","og_title":"K\u00fcchen - Schreinerei Kalbfuss","og_description":"K\u00dcCHEN f\u00fcr Profis und f\u00fcr Ihr Zuhause Kochen ist eine Freude \u2013 wenn die K\u00fcche genau so ausgelegt ist, wie Sie es sich w\u00fcnschen. Ihre K\u00fcche soll optimal funktionieren und auch nach Jahren noch edel aussehen \u2013 deshalb ist Qualit\u00e4t hier besonders wichtig. Geschickte Raumausnutzung, Top-Ger\u00e4te, professionell durchdachte M\u00f6bel und pflegeleichte, langlebige Arbeitsfl\u00e4chen: Von uns [&hellip;]","og_url":"https:\/\/schreinerei-kalbfuss.de\/en\/kuechen\/","og_site_name":"Schreinerei Kalbfuss","article_modified_time":"2015-10-07T17:01:21+00:00","og_image":[{"url":"https:\/\/schreinerei-kalbfuss.de\/wp-content\/uploads\/2015\/07\/kuechen-header02.jpg","type":"","width":"","height":""}],"twitter_card":"summary_large_image","twitter_misc":{"Estimated reading time":"1 minute"},"schema":{"@context":"https:\/\/schema.org","@graph":[{"@type":"WebPage","@id":"https:\/\/schreinerei-kalbfuss.de\/kuechen\/","url":"https:\/\/schreinerei-kalbfuss.de\/kuechen\/","name":"K\u00fcchen - Schreinerei Kalbfuss","isPartOf":{"@id":"https:\/\/schreinerei-kalbfuss.de\/#website"},"primaryImageOfPage":{"@id":"https:\/\/schreinerei-kalbfuss.de\/kuechen\/#primaryimage"},"image":{"@id":"https:\/\/schreinerei-kalbfuss.de\/kuechen\/#primaryimage"},"thumbnailUrl":"https:\/\/schreinerei-kalbfuss.de\/wp-content\/uploads\/2015\/07\/kuechen-header02.jpg","datePublished":"2015-07-18T17:12:12+00:00","dateModified":"2015-10-07T17:01:21+00:00","breadcrumb":{"@id":"https:\/\/schreinerei-kalbfuss.de\/kuechen\/#breadcrumb"},"inLanguage":"en-GB","potentialAction":[{"@type":"ReadAction","target":["https:\/\/schreinerei-kalbfuss.de\/kuechen\/"]}]},{"@type":"ImageObject","inLanguage":"en-GB","@id":"https:\/\/schreinerei-kalbfuss.de\/kuechen\/#primaryimage","url":"https:\/\/schreinerei-kalbfuss.de\/wp-content\/uploads\/2015\/07\/kuechen-header02.jpg","contentUrl":"https:\/\/schreinerei-kalbfuss.de\/wp-content\/uploads\/2015\/07\/kuechen-header02.jpg"},{"@type":"BreadcrumbList","@id":"https:\/\/schreinerei-kalbfuss.de\/kuechen\/#breadcrumb","itemListElement":[{"@type":"ListItem","position":1,"name":"Startseite","item":"https:\/\/schreinerei-kalbfuss.de\/"},{"@type":"ListItem","position":2,"name":"K\u00fcchen"}]},{"@type":"WebSite","@id":"https:\/\/schreinerei-kalbfuss.de\/#website","url":"https:\/\/schreinerei-kalbfuss.de\/","name":"Schreinerei Kalbfuss","description":"","publisher":{"@id":"https:\/\/schreinerei-kalbfuss.de\/#organization"},"potentialAction":[{"@type":"SearchAction","target":{"@type":"EntryPoint","urlTemplate":"https:\/\/schreinerei-kalbfuss.de\/?s={search_term_string}"},"query-input":{"@type":"PropertyValueSpecification","valueRequired":true,"valueName":"search_term_string"}}],"inLanguage":"en-GB"},{"@type":"Organization","@id":"https:\/\/schreinerei-kalbfuss.de\/#organization","name":"Schreinerei Kalbfuss","url":"https:\/\/schreinerei-kalbfuss.de\/","logo":{"@type":"ImageObject","inLanguage":"en-GB","@id":"https:\/\/schreinerei-kalbfuss.de\/#\/schema\/logo\/image\/","url":"https:\/\/schreinerei-kalbfuss.de\/wp-content\/uploads\/2022\/11\/dreieck-mblau03.gif","contentUrl":"https:\/\/schreinerei-kalbfuss.de\/wp-content\/uploads\/2022\/11\/dreieck-mblau03.gif","width":90,"height":90,"caption":"Schreinerei Kalbfuss"},"image":{"@id":"https:\/\/schreinerei-kalbfuss.de\/#\/schema\/logo\/image\/"}}]}},"_links":{"self":[{"href":"https:\/\/schreinerei-kalbfuss.de\/en\/wp-json\/wp\/v2\/pages\/22","targetHints":{"allow":["GET"]}}],"collection":[{"href":"https:\/\/schreinerei-kalbfuss.de\/en\/wp-json\/wp\/v2\/pages"}],"about":[{"href":"https:\/\/schreinerei-kalbfuss.de\/en\/wp-json\/wp\/v2\/types\/page"}],"author":[{"embeddable":true,"href":"https:\/\/schreinerei-kalbfuss.de\/en\/wp-json\/wp\/v2\/users\/1"}],"replies":[{"embeddable":true,"href":"https:\/\/schreinerei-kalbfuss.de\/en\/wp-json\/wp\/v2\/comments?post=22"}],"version-history":[{"count":26,"href":"https:\/\/schreinerei-kalbfuss.de\/en\/wp-json\/wp\/v2\/pages\/22\/revisions"}],"predecessor-version":[{"id":537,"href":"https:\/\/schreinerei-kalbfuss.de\/en\/wp-json\/wp\/v2\/pages\/22\/revisions\/537"}],"wp:attachment":[{"href":"https:\/\/schreinerei-kalbfuss.de\/en\/wp-json\/wp\/v2\/media?parent=22"}],"curies":[{"name":"wp","href":"https:\/\/api.w.org\/{rel}","templated":true}]}}