{"id":326,"date":"2015-10-07T11:33:23","date_gmt":"2015-10-07T11:33:23","guid":{"rendered":"http:\/\/kalbfuss.apps-1and1.net\/?page_id=326"},"modified":"2016-02-09T14:22:44","modified_gmt":"2016-02-09T14:22:44","slug":"leistungen","status":"publish","type":"page","link":"https:\/\/schreinerei-kalbfuss.de\/en\/leistungen\/","title":{"rendered":"Our services"},"content":{"rendered":"<p><img loading=\"lazy\" decoding=\"async\" class=\"aligncenter size-full wp-image-334\" src=\"https:\/\/schreinerei-kalbfuss.de\/wp-content\/uploads\/2015\/10\/sky-leistungen.jpg\" alt=\"sky-leistungen\" width=\"1170\" height=\"420\" srcset=\"https:\/\/schreinerei-kalbfuss.de\/wp-content\/uploads\/2015\/10\/sky-leistungen.jpg 1170w, https:\/\/schreinerei-kalbfuss.de\/wp-content\/uploads\/2015\/10\/sky-leistungen-300x108.jpg 300w, https:\/\/schreinerei-kalbfuss.de\/wp-content\/uploads\/2015\/10\/sky-leistungen-1024x368.jpg 1024w\" sizes=\"auto, (max-width: 1170px) 100vw, 1170px\" \/><\/p>\n<div class=\"text-big-2\">Our services<\/div>\n<p>Welcome to our showroom!<\/p>\n<p>Talk to us whenever you want to remodel your house or wish for a new <a href=\"https:\/\/schreinerei-kalbfuss.de\/en\/kuechen\/\"><strong>kitchen<\/strong><\/a> , want to design your <a href=\"https:\/\/schreinerei-kalbfuss.de\/en\/objekteinrichtungen\/\"><strong>lobby<\/strong><\/a> in a representative way, are planning <a href=\"https:\/\/schreinerei-kalbfuss.de\/en\/messe-konzepte\/\"><strong>a trade fair stand<\/strong><\/a> or would like to have a special piece of <a href=\"https:\/\/schreinerei-kalbfuss.de\/en\/leistungen\/einbau-moebel\/\"><strong>furniture<\/strong><\/a> . We can also manufacture special <a href=\"https:\/\/schreinerei-kalbfuss.de\/en\/mehr\/\"><strong>series parts<\/strong><\/a> for you or work with you to realize <a href=\"https:\/\/schreinerei-kalbfuss.de\/en\/mehr\/\"><strong>individual art projects<\/strong><\/a> with wood, for example. Whatever you prefer.<\/p>\n<p>We look forward to any of your tasks, just give us a call! <strong>Phone +49 (0) 6164 3084<\/strong><\/p>","protected":false},"excerpt":{"rendered":"<p>Unsere Leistungen Willkommen im Showroom unserer Arbeiten! Sprechen Sie mit uns, wann immer Sie Ihr Haus umbauen m\u00f6chten oder sich eine neue K\u00fcche w\u00fcnschen, Ihren Empfang repr\u00e4sentativ gestalten wollen, einen Messestand planen oder ein besonderes M\u00f6belst\u00fcck haben m\u00f6chten. Ebenso fertigen wir f\u00fcr Sie spezielle Serienteile oder realisieren mit Ihnen auch z.B. individuelle Kunstaktionen mit Holz. [&hellip;]<\/p>","protected":false},"author":1,"featured_media":0,"parent":0,"menu_order":0,"comment_status":"closed","ping_status":"closed","template":"","meta":{"footnotes":""},"class_list":["post-326","page","type-page","status-publish","hentry"],"yoast_head":"<!-- This site is optimized with the Yoast SEO plugin v27.6 - https:\/\/yoast.com\/product\/yoast-seo-wordpress\/ -->\n<title>Unsere Leistungen - Schreinerei Kalbfuss<\/title>\n<meta name=\"robots\" content=\"index, follow, max-snippet:-1, max-image-preview:large, max-video-preview:-1\" \/>\n<link rel=\"canonical\" href=\"https:\/\/schreinerei-kalbfuss.de\/en\/leistungen\/\" \/>\n<meta property=\"og:locale\" content=\"en_GB\" \/>\n<meta property=\"og:type\" content=\"article\" \/>\n<meta property=\"og:title\" content=\"Unsere Leistungen - Schreinerei Kalbfuss\" \/>\n<meta property=\"og:description\" content=\"Unsere Leistungen Willkommen im Showroom unserer Arbeiten! Sprechen Sie mit uns, wann immer Sie Ihr Haus umbauen m\u00f6chten oder sich eine neue K\u00fcche w\u00fcnschen, Ihren Empfang repr\u00e4sentativ gestalten wollen, einen Messestand planen oder ein besonderes M\u00f6belst\u00fcck haben m\u00f6chten. Ebenso fertigen wir f\u00fcr Sie spezielle Serienteile oder realisieren mit Ihnen auch z.B. individuelle Kunstaktionen mit Holz. [&hellip;]\" \/>\n<meta property=\"og:url\" content=\"https:\/\/schreinerei-kalbfuss.de\/en\/leistungen\/\" \/>\n<meta property=\"og:site_name\" content=\"Schreinerei Kalbfuss\" \/>\n<meta property=\"article:modified_time\" content=\"2016-02-09T14:22:44+00:00\" \/>\n<meta property=\"og:image\" content=\"https:\/\/schreinerei-kalbfuss.de\/wp-content\/uploads\/2015\/10\/sky-leistungen.jpg\" \/>\n<meta name=\"twitter:card\" content=\"summary_large_image\" \/>\n<script type=\"application\/ld+json\" class=\"yoast-schema-graph\">{\"@context\":\"https:\\\/\\\/schema.org\",\"@graph\":[{\"@type\":\"WebPage\",\"@id\":\"https:\\\/\\\/schreinerei-kalbfuss.de\\\/leistungen\\\/\",\"url\":\"https:\\\/\\\/schreinerei-kalbfuss.de\\\/leistungen\\\/\",\"name\":\"Unsere Leistungen - Schreinerei Kalbfuss\",\"isPartOf\":{\"@id\":\"https:\\\/\\\/schreinerei-kalbfuss.de\\\/#website\"},\"primaryImageOfPage\":{\"@id\":\"https:\\\/\\\/schreinerei-kalbfuss.de\\\/leistungen\\\/#primaryimage\"},\"image\":{\"@id\":\"https:\\\/\\\/schreinerei-kalbfuss.de\\\/leistungen\\\/#primaryimage\"},\"thumbnailUrl\":\"https:\\\/\\\/schreinerei-kalbfuss.de\\\/wp-content\\\/uploads\\\/2015\\\/10\\\/sky-leistungen.jpg\",\"datePublished\":\"2015-10-07T11:33:23+00:00\",\"dateModified\":\"2016-02-09T14:22:44+00:00\",\"breadcrumb\":{\"@id\":\"https:\\\/\\\/schreinerei-kalbfuss.de\\\/leistungen\\\/#breadcrumb\"},\"inLanguage\":\"en-GB\",\"potentialAction\":[{\"@type\":\"ReadAction\",\"target\":[\"https:\\\/\\\/schreinerei-kalbfuss.de\\\/leistungen\\\/\"]}]},{\"@type\":\"ImageObject\",\"inLanguage\":\"en-GB\",\"@id\":\"https:\\\/\\\/schreinerei-kalbfuss.de\\\/leistungen\\\/#primaryimage\",\"url\":\"https:\\\/\\\/schreinerei-kalbfuss.de\\\/wp-content\\\/uploads\\\/2015\\\/10\\\/sky-leistungen.jpg\",\"contentUrl\":\"https:\\\/\\\/schreinerei-kalbfuss.de\\\/wp-content\\\/uploads\\\/2015\\\/10\\\/sky-leistungen.jpg\"},{\"@type\":\"BreadcrumbList\",\"@id\":\"https:\\\/\\\/schreinerei-kalbfuss.de\\\/leistungen\\\/#breadcrumb\",\"itemListElement\":[{\"@type\":\"ListItem\",\"position\":1,\"name\":\"Startseite\",\"item\":\"https:\\\/\\\/schreinerei-kalbfuss.de\\\/\"},{\"@type\":\"ListItem\",\"position\":2,\"name\":\"Unsere Leistungen\"}]},{\"@type\":\"WebSite\",\"@id\":\"https:\\\/\\\/schreinerei-kalbfuss.de\\\/#website\",\"url\":\"https:\\\/\\\/schreinerei-kalbfuss.de\\\/\",\"name\":\"Schreinerei Kalbfuss\",\"description\":\"\",\"publisher\":{\"@id\":\"https:\\\/\\\/schreinerei-kalbfuss.de\\\/#organization\"},\"potentialAction\":[{\"@type\":\"SearchAction\",\"target\":{\"@type\":\"EntryPoint\",\"urlTemplate\":\"https:\\\/\\\/schreinerei-kalbfuss.de\\\/?s={search_term_string}\"},\"query-input\":{\"@type\":\"PropertyValueSpecification\",\"valueRequired\":true,\"valueName\":\"search_term_string\"}}],\"inLanguage\":\"en-GB\"},{\"@type\":\"Organization\",\"@id\":\"https:\\\/\\\/schreinerei-kalbfuss.de\\\/#organization\",\"name\":\"Schreinerei Kalbfuss\",\"url\":\"https:\\\/\\\/schreinerei-kalbfuss.de\\\/\",\"logo\":{\"@type\":\"ImageObject\",\"inLanguage\":\"en-GB\",\"@id\":\"https:\\\/\\\/schreinerei-kalbfuss.de\\\/#\\\/schema\\\/logo\\\/image\\\/\",\"url\":\"https:\\\/\\\/schreinerei-kalbfuss.de\\\/wp-content\\\/uploads\\\/2022\\\/11\\\/dreieck-mblau03.gif\",\"contentUrl\":\"https:\\\/\\\/schreinerei-kalbfuss.de\\\/wp-content\\\/uploads\\\/2022\\\/11\\\/dreieck-mblau03.gif\",\"width\":90,\"height\":90,\"caption\":\"Schreinerei Kalbfuss\"},\"image\":{\"@id\":\"https:\\\/\\\/schreinerei-kalbfuss.de\\\/#\\\/schema\\\/logo\\\/image\\\/\"}}]}<\/script>\n<!-- \/ Yoast SEO plugin. -->","yoast_head_json":{"title":"Unsere Leistungen - Schreinerei Kalbfuss","robots":{"index":"index","follow":"follow","max-snippet":"max-snippet:-1","max-image-preview":"max-image-preview:large","max-video-preview":"max-video-preview:-1"},"canonical":"https:\/\/schreinerei-kalbfuss.de\/en\/leistungen\/","og_locale":"en_GB","og_type":"article","og_title":"Unsere Leistungen - Schreinerei Kalbfuss","og_description":"Unsere Leistungen Willkommen im Showroom unserer Arbeiten! Sprechen Sie mit uns, wann immer Sie Ihr Haus umbauen m\u00f6chten oder sich eine neue K\u00fcche w\u00fcnschen, Ihren Empfang repr\u00e4sentativ gestalten wollen, einen Messestand planen oder ein besonderes M\u00f6belst\u00fcck haben m\u00f6chten. Ebenso fertigen wir f\u00fcr Sie spezielle Serienteile oder realisieren mit Ihnen auch z.B. individuelle Kunstaktionen mit Holz. [&hellip;]","og_url":"https:\/\/schreinerei-kalbfuss.de\/en\/leistungen\/","og_site_name":"Schreinerei Kalbfuss","article_modified_time":"2016-02-09T14:22:44+00:00","og_image":[{"url":"https:\/\/schreinerei-kalbfuss.de\/wp-content\/uploads\/2015\/10\/sky-leistungen.jpg","type":"","width":"","height":""}],"twitter_card":"summary_large_image","schema":{"@context":"https:\/\/schema.org","@graph":[{"@type":"WebPage","@id":"https:\/\/schreinerei-kalbfuss.de\/leistungen\/","url":"https:\/\/schreinerei-kalbfuss.de\/leistungen\/","name":"Unsere Leistungen - Schreinerei Kalbfuss","isPartOf":{"@id":"https:\/\/schreinerei-kalbfuss.de\/#website"},"primaryImageOfPage":{"@id":"https:\/\/schreinerei-kalbfuss.de\/leistungen\/#primaryimage"},"image":{"@id":"https:\/\/schreinerei-kalbfuss.de\/leistungen\/#primaryimage"},"thumbnailUrl":"https:\/\/schreinerei-kalbfuss.de\/wp-content\/uploads\/2015\/10\/sky-leistungen.jpg","datePublished":"2015-10-07T11:33:23+00:00","dateModified":"2016-02-09T14:22:44+00:00","breadcrumb":{"@id":"https:\/\/schreinerei-kalbfuss.de\/leistungen\/#breadcrumb"},"inLanguage":"en-GB","potentialAction":[{"@type":"ReadAction","target":["https:\/\/schreinerei-kalbfuss.de\/leistungen\/"]}]},{"@type":"ImageObject","inLanguage":"en-GB","@id":"https:\/\/schreinerei-kalbfuss.de\/leistungen\/#primaryimage","url":"https:\/\/schreinerei-kalbfuss.de\/wp-content\/uploads\/2015\/10\/sky-leistungen.jpg","contentUrl":"https:\/\/schreinerei-kalbfuss.de\/wp-content\/uploads\/2015\/10\/sky-leistungen.jpg"},{"@type":"BreadcrumbList","@id":"https:\/\/schreinerei-kalbfuss.de\/leistungen\/#breadcrumb","itemListElement":[{"@type":"ListItem","position":1,"name":"Startseite","item":"https:\/\/schreinerei-kalbfuss.de\/"},{"@type":"ListItem","position":2,"name":"Unsere Leistungen"}]},{"@type":"WebSite","@id":"https:\/\/schreinerei-kalbfuss.de\/#website","url":"https:\/\/schreinerei-kalbfuss.de\/","name":"Schreinerei Kalbfuss","description":"","publisher":{"@id":"https:\/\/schreinerei-kalbfuss.de\/#organization"},"potentialAction":[{"@type":"SearchAction","target":{"@type":"EntryPoint","urlTemplate":"https:\/\/schreinerei-kalbfuss.de\/?s={search_term_string}"},"query-input":{"@type":"PropertyValueSpecification","valueRequired":true,"valueName":"search_term_string"}}],"inLanguage":"en-GB"},{"@type":"Organization","@id":"https:\/\/schreinerei-kalbfuss.de\/#organization","name":"Schreinerei Kalbfuss","url":"https:\/\/schreinerei-kalbfuss.de\/","logo":{"@type":"ImageObject","inLanguage":"en-GB","@id":"https:\/\/schreinerei-kalbfuss.de\/#\/schema\/logo\/image\/","url":"https:\/\/schreinerei-kalbfuss.de\/wp-content\/uploads\/2022\/11\/dreieck-mblau03.gif","contentUrl":"https:\/\/schreinerei-kalbfuss.de\/wp-content\/uploads\/2022\/11\/dreieck-mblau03.gif","width":90,"height":90,"caption":"Schreinerei Kalbfuss"},"image":{"@id":"https:\/\/schreinerei-kalbfuss.de\/#\/schema\/logo\/image\/"}}]}},"_links":{"self":[{"href":"https:\/\/schreinerei-kalbfuss.de\/en\/wp-json\/wp\/v2\/pages\/326","targetHints":{"allow":["GET"]}}],"collection":[{"href":"https:\/\/schreinerei-kalbfuss.de\/en\/wp-json\/wp\/v2\/pages"}],"about":[{"href":"https:\/\/schreinerei-kalbfuss.de\/en\/wp-json\/wp\/v2\/types\/page"}],"author":[{"embeddable":true,"href":"https:\/\/schreinerei-kalbfuss.de\/en\/wp-json\/wp\/v2\/users\/1"}],"replies":[{"embeddable":true,"href":"https:\/\/schreinerei-kalbfuss.de\/en\/wp-json\/wp\/v2\/comments?post=326"}],"version-history":[{"count":20,"href":"https:\/\/schreinerei-kalbfuss.de\/en\/wp-json\/wp\/v2\/pages\/326\/revisions"}],"predecessor-version":[{"id":420,"href":"https:\/\/schreinerei-kalbfuss.de\/en\/wp-json\/wp\/v2\/pages\/326\/revisions\/420"}],"wp:attachment":[{"href":"https:\/\/schreinerei-kalbfuss.de\/en\/wp-json\/wp\/v2\/media?parent=326"}],"curies":[{"name":"wp","href":"https:\/\/api.w.org\/{rel}","templated":true}]}}