{"id":458,"date":"2017-05-02T14:52:17","date_gmt":"2017-05-02T14:52:17","guid":{"rendered":"http:\/\/schreinerei-kalbfuss.de\/?page_id=458"},"modified":"2017-05-03T10:43:50","modified_gmt":"2017-05-03T10:43:50","slug":"werkstatt-4-0","status":"publish","type":"page","link":"https:\/\/schreinerei-kalbfuss.de\/en\/werkstatt-4-0\/","title":{"rendered":"Workshop 4.0"},"content":{"rendered":"<div class=\"text-big-2\"><img loading=\"lazy\" decoding=\"async\" class=\"alignleft size-full wp-image-482\" src=\"https:\/\/schreinerei-kalbfuss.de\/wp-content\/uploads\/2017\/05\/werkstatt04-2.jpg\" alt=\"\" width=\"1170\" height=\"420\" srcset=\"https:\/\/schreinerei-kalbfuss.de\/wp-content\/uploads\/2017\/05\/werkstatt04-2.jpg 1170w, https:\/\/schreinerei-kalbfuss.de\/wp-content\/uploads\/2017\/05\/werkstatt04-2-300x108.jpg 300w, https:\/\/schreinerei-kalbfuss.de\/wp-content\/uploads\/2017\/05\/werkstatt04-2-768x276.jpg 768w, https:\/\/schreinerei-kalbfuss.de\/wp-content\/uploads\/2017\/05\/werkstatt04-2-1024x368.jpg 1024w\" sizes=\"auto, (max-width: 1170px) 100vw, 1170px\" \/><\/div>\n<div class=\"text-big-2\">From vision to reality in four steps<\/div>\n<p class=\"translation-block\">We plan and manufacture furniture and complete interior fittings entirely according to your individual wishes. We are always at your side from the initial idea through to realisation. In doing so, we pursue completely new approaches - keyword workshop 4.0. Thanks to IT technology, we are able to plan and coordinate all steps with you and manufacture them according to your ideas.<\/p>\n<p><strong><img loading=\"lazy\" decoding=\"async\" class=\"alignleft wp-image-469\" src=\"https:\/\/schreinerei-kalbfuss.de\/wp-content\/uploads\/2017\/05\/4icons_vision.png\" alt=\"\" width=\"120\" height=\"120\" \/>Step 1 - Your vision<\/strong><br \/>\nYou have individual wishes for your interior design or even a concrete idea of how everything should look when it is finished? Tell us about it, we will find the right way to realise your ideas and accompany you through all phases of the project.<\/p>\n<p><strong><img loading=\"lazy\" decoding=\"async\" class=\"alignleft wp-image-470\" src=\"https:\/\/schreinerei-kalbfuss.de\/wp-content\/uploads\/2017\/05\/4icons_planung.png\" alt=\"\" width=\"120\" height=\"120\" \/>Step 2 - Planning<\/strong><br \/>\nWe know a good plan is essential, therefore we leave nothing to coincidence. What begins as a simple sketch is brought to life thanks to our 3D planning software. This allows us to realistically depict individual pieces of furniture or complex room solutions and adapt them to your individual ideas at any time.<\/p>\n<p><strong><img loading=\"lazy\" decoding=\"async\" class=\"alignleft wp-image-471\" src=\"https:\/\/schreinerei-kalbfuss.de\/wp-content\/uploads\/2017\/05\/4icons_abstimmung.png\" alt=\"\" width=\"120\" height=\"120\" \/>Step 3: Tuning<\/strong><br \/>\nYou have the opportunity to intervene in the development process at any time - you don't even have to visit our workshop. We communicate with you via e-mail, 3D PDFs or via Skype - so you are always up to date.<\/p>\n<p><strong><img loading=\"lazy\" decoding=\"async\" class=\"alignleft wp-image-472\" src=\"https:\/\/schreinerei-kalbfuss.de\/wp-content\/uploads\/2017\/05\/4icons_realisation.png\" alt=\"\" width=\"120\" height=\"120\" \/>Step 4 - Realisation<\/strong><br \/>\nOf course, even in our trade today, nothing works without the support of state-of-the-art technology. Our carpenters produce with the most advanced machines, which help us to realise your wishes precisely and in a time-saving manner.<\/p>\n<p><br>Talk to us about our innovative possibilities and we will be happy to present our \u2018Workshop 4.0\u2019 concept to you personally and in detail.<\/p>","protected":false},"excerpt":{"rendered":"<p>In 4 Schritten von der Vision zur Wirklichkeit Wir planen und fertigen M\u00f6bel und komplette Innenausbauten ganz nach Ihren individuellen W\u00fcnschen. Dabei sind wir von der ersten Idee bis zur Realisierung immer an Ihrer Seite. Dabei verfolgen wir ganz neue Ans\u00e4tze \u2013 Stichwort Werkstatt 4.0. Dank IT-Technik sind wir in der Lage, alle Schritte mit [&hellip;]<\/p>","protected":false},"author":1,"featured_media":0,"parent":0,"menu_order":0,"comment_status":"closed","ping_status":"closed","template":"","meta":{"footnotes":""},"class_list":["post-458","page","type-page","status-publish","hentry"],"yoast_head":"<!-- This site is optimized with the Yoast SEO plugin v27.6 - https:\/\/yoast.com\/product\/yoast-seo-wordpress\/ -->\n<title>Werkstatt 4.0 - Schreinerei Kalbfuss<\/title>\n<meta name=\"robots\" content=\"index, follow, max-snippet:-1, max-image-preview:large, max-video-preview:-1\" \/>\n<link rel=\"canonical\" href=\"https:\/\/schreinerei-kalbfuss.de\/en\/werkstatt-4-0\/\" \/>\n<meta property=\"og:locale\" content=\"en_GB\" \/>\n<meta property=\"og:type\" content=\"article\" \/>\n<meta property=\"og:title\" content=\"Werkstatt 4.0 - Schreinerei Kalbfuss\" \/>\n<meta property=\"og:description\" content=\"In 4 Schritten von der Vision zur Wirklichkeit Wir planen und fertigen M\u00f6bel und komplette Innenausbauten ganz nach Ihren individuellen W\u00fcnschen. Dabei sind wir von der ersten Idee bis zur Realisierung immer an Ihrer Seite. Dabei verfolgen wir ganz neue Ans\u00e4tze \u2013 Stichwort Werkstatt 4.0. Dank IT-Technik sind wir in der Lage, alle Schritte mit [&hellip;]\" \/>\n<meta property=\"og:url\" content=\"https:\/\/schreinerei-kalbfuss.de\/en\/werkstatt-4-0\/\" \/>\n<meta property=\"og:site_name\" content=\"Schreinerei Kalbfuss\" \/>\n<meta property=\"article:modified_time\" content=\"2017-05-03T10:43:50+00:00\" \/>\n<meta property=\"og:image\" content=\"https:\/\/schreinerei-kalbfuss.de\/wp-content\/uploads\/2017\/05\/werkstatt04-2.jpg\" \/>\n<meta name=\"twitter:card\" content=\"summary_large_image\" \/>\n<meta name=\"twitter:label1\" content=\"Estimated reading time\" \/>\n\t<meta name=\"twitter:data1\" content=\"1 minute\" \/>\n<script type=\"application\/ld+json\" class=\"yoast-schema-graph\">{\"@context\":\"https:\\\/\\\/schema.org\",\"@graph\":[{\"@type\":\"WebPage\",\"@id\":\"https:\\\/\\\/schreinerei-kalbfuss.de\\\/werkstatt-4-0\\\/\",\"url\":\"https:\\\/\\\/schreinerei-kalbfuss.de\\\/werkstatt-4-0\\\/\",\"name\":\"Werkstatt 4.0 - Schreinerei Kalbfuss\",\"isPartOf\":{\"@id\":\"https:\\\/\\\/schreinerei-kalbfuss.de\\\/#website\"},\"primaryImageOfPage\":{\"@id\":\"https:\\\/\\\/schreinerei-kalbfuss.de\\\/werkstatt-4-0\\\/#primaryimage\"},\"image\":{\"@id\":\"https:\\\/\\\/schreinerei-kalbfuss.de\\\/werkstatt-4-0\\\/#primaryimage\"},\"thumbnailUrl\":\"https:\\\/\\\/schreinerei-kalbfuss.de\\\/wp-content\\\/uploads\\\/2017\\\/05\\\/werkstatt04-2.jpg\",\"datePublished\":\"2017-05-02T14:52:17+00:00\",\"dateModified\":\"2017-05-03T10:43:50+00:00\",\"breadcrumb\":{\"@id\":\"https:\\\/\\\/schreinerei-kalbfuss.de\\\/werkstatt-4-0\\\/#breadcrumb\"},\"inLanguage\":\"en-GB\",\"potentialAction\":[{\"@type\":\"ReadAction\",\"target\":[\"https:\\\/\\\/schreinerei-kalbfuss.de\\\/werkstatt-4-0\\\/\"]}]},{\"@type\":\"ImageObject\",\"inLanguage\":\"en-GB\",\"@id\":\"https:\\\/\\\/schreinerei-kalbfuss.de\\\/werkstatt-4-0\\\/#primaryimage\",\"url\":\"https:\\\/\\\/schreinerei-kalbfuss.de\\\/wp-content\\\/uploads\\\/2017\\\/05\\\/werkstatt04-2.jpg\",\"contentUrl\":\"https:\\\/\\\/schreinerei-kalbfuss.de\\\/wp-content\\\/uploads\\\/2017\\\/05\\\/werkstatt04-2.jpg\"},{\"@type\":\"BreadcrumbList\",\"@id\":\"https:\\\/\\\/schreinerei-kalbfuss.de\\\/werkstatt-4-0\\\/#breadcrumb\",\"itemListElement\":[{\"@type\":\"ListItem\",\"position\":1,\"name\":\"Startseite\",\"item\":\"https:\\\/\\\/schreinerei-kalbfuss.de\\\/\"},{\"@type\":\"ListItem\",\"position\":2,\"name\":\"Werkstatt 4.0\"}]},{\"@type\":\"WebSite\",\"@id\":\"https:\\\/\\\/schreinerei-kalbfuss.de\\\/#website\",\"url\":\"https:\\\/\\\/schreinerei-kalbfuss.de\\\/\",\"name\":\"Schreinerei Kalbfuss\",\"description\":\"\",\"publisher\":{\"@id\":\"https:\\\/\\\/schreinerei-kalbfuss.de\\\/#organization\"},\"potentialAction\":[{\"@type\":\"SearchAction\",\"target\":{\"@type\":\"EntryPoint\",\"urlTemplate\":\"https:\\\/\\\/schreinerei-kalbfuss.de\\\/?s={search_term_string}\"},\"query-input\":{\"@type\":\"PropertyValueSpecification\",\"valueRequired\":true,\"valueName\":\"search_term_string\"}}],\"inLanguage\":\"en-GB\"},{\"@type\":\"Organization\",\"@id\":\"https:\\\/\\\/schreinerei-kalbfuss.de\\\/#organization\",\"name\":\"Schreinerei Kalbfuss\",\"url\":\"https:\\\/\\\/schreinerei-kalbfuss.de\\\/\",\"logo\":{\"@type\":\"ImageObject\",\"inLanguage\":\"en-GB\",\"@id\":\"https:\\\/\\\/schreinerei-kalbfuss.de\\\/#\\\/schema\\\/logo\\\/image\\\/\",\"url\":\"https:\\\/\\\/schreinerei-kalbfuss.de\\\/wp-content\\\/uploads\\\/2022\\\/11\\\/dreieck-mblau03.gif\",\"contentUrl\":\"https:\\\/\\\/schreinerei-kalbfuss.de\\\/wp-content\\\/uploads\\\/2022\\\/11\\\/dreieck-mblau03.gif\",\"width\":90,\"height\":90,\"caption\":\"Schreinerei Kalbfuss\"},\"image\":{\"@id\":\"https:\\\/\\\/schreinerei-kalbfuss.de\\\/#\\\/schema\\\/logo\\\/image\\\/\"}}]}<\/script>\n<!-- \/ Yoast SEO plugin. -->","yoast_head_json":{"title":"Werkstatt 4.0 - Schreinerei Kalbfuss","robots":{"index":"index","follow":"follow","max-snippet":"max-snippet:-1","max-image-preview":"max-image-preview:large","max-video-preview":"max-video-preview:-1"},"canonical":"https:\/\/schreinerei-kalbfuss.de\/en\/werkstatt-4-0\/","og_locale":"en_GB","og_type":"article","og_title":"Werkstatt 4.0 - Schreinerei Kalbfuss","og_description":"In 4 Schritten von der Vision zur Wirklichkeit Wir planen und fertigen M\u00f6bel und komplette Innenausbauten ganz nach Ihren individuellen W\u00fcnschen. Dabei sind wir von der ersten Idee bis zur Realisierung immer an Ihrer Seite. Dabei verfolgen wir ganz neue Ans\u00e4tze \u2013 Stichwort Werkstatt 4.0. Dank IT-Technik sind wir in der Lage, alle Schritte mit [&hellip;]","og_url":"https:\/\/schreinerei-kalbfuss.de\/en\/werkstatt-4-0\/","og_site_name":"Schreinerei Kalbfuss","article_modified_time":"2017-05-03T10:43:50+00:00","og_image":[{"url":"https:\/\/schreinerei-kalbfuss.de\/wp-content\/uploads\/2017\/05\/werkstatt04-2.jpg","type":"","width":"","height":""}],"twitter_card":"summary_large_image","twitter_misc":{"Estimated reading time":"1 minute"},"schema":{"@context":"https:\/\/schema.org","@graph":[{"@type":"WebPage","@id":"https:\/\/schreinerei-kalbfuss.de\/werkstatt-4-0\/","url":"https:\/\/schreinerei-kalbfuss.de\/werkstatt-4-0\/","name":"Werkstatt 4.0 - Schreinerei Kalbfuss","isPartOf":{"@id":"https:\/\/schreinerei-kalbfuss.de\/#website"},"primaryImageOfPage":{"@id":"https:\/\/schreinerei-kalbfuss.de\/werkstatt-4-0\/#primaryimage"},"image":{"@id":"https:\/\/schreinerei-kalbfuss.de\/werkstatt-4-0\/#primaryimage"},"thumbnailUrl":"https:\/\/schreinerei-kalbfuss.de\/wp-content\/uploads\/2017\/05\/werkstatt04-2.jpg","datePublished":"2017-05-02T14:52:17+00:00","dateModified":"2017-05-03T10:43:50+00:00","breadcrumb":{"@id":"https:\/\/schreinerei-kalbfuss.de\/werkstatt-4-0\/#breadcrumb"},"inLanguage":"en-GB","potentialAction":[{"@type":"ReadAction","target":["https:\/\/schreinerei-kalbfuss.de\/werkstatt-4-0\/"]}]},{"@type":"ImageObject","inLanguage":"en-GB","@id":"https:\/\/schreinerei-kalbfuss.de\/werkstatt-4-0\/#primaryimage","url":"https:\/\/schreinerei-kalbfuss.de\/wp-content\/uploads\/2017\/05\/werkstatt04-2.jpg","contentUrl":"https:\/\/schreinerei-kalbfuss.de\/wp-content\/uploads\/2017\/05\/werkstatt04-2.jpg"},{"@type":"BreadcrumbList","@id":"https:\/\/schreinerei-kalbfuss.de\/werkstatt-4-0\/#breadcrumb","itemListElement":[{"@type":"ListItem","position":1,"name":"Startseite","item":"https:\/\/schreinerei-kalbfuss.de\/"},{"@type":"ListItem","position":2,"name":"Werkstatt 4.0"}]},{"@type":"WebSite","@id":"https:\/\/schreinerei-kalbfuss.de\/#website","url":"https:\/\/schreinerei-kalbfuss.de\/","name":"Schreinerei Kalbfuss","description":"","publisher":{"@id":"https:\/\/schreinerei-kalbfuss.de\/#organization"},"potentialAction":[{"@type":"SearchAction","target":{"@type":"EntryPoint","urlTemplate":"https:\/\/schreinerei-kalbfuss.de\/?s={search_term_string}"},"query-input":{"@type":"PropertyValueSpecification","valueRequired":true,"valueName":"search_term_string"}}],"inLanguage":"en-GB"},{"@type":"Organization","@id":"https:\/\/schreinerei-kalbfuss.de\/#organization","name":"Schreinerei Kalbfuss","url":"https:\/\/schreinerei-kalbfuss.de\/","logo":{"@type":"ImageObject","inLanguage":"en-GB","@id":"https:\/\/schreinerei-kalbfuss.de\/#\/schema\/logo\/image\/","url":"https:\/\/schreinerei-kalbfuss.de\/wp-content\/uploads\/2022\/11\/dreieck-mblau03.gif","contentUrl":"https:\/\/schreinerei-kalbfuss.de\/wp-content\/uploads\/2022\/11\/dreieck-mblau03.gif","width":90,"height":90,"caption":"Schreinerei Kalbfuss"},"image":{"@id":"https:\/\/schreinerei-kalbfuss.de\/#\/schema\/logo\/image\/"}}]}},"_links":{"self":[{"href":"https:\/\/schreinerei-kalbfuss.de\/en\/wp-json\/wp\/v2\/pages\/458","targetHints":{"allow":["GET"]}}],"collection":[{"href":"https:\/\/schreinerei-kalbfuss.de\/en\/wp-json\/wp\/v2\/pages"}],"about":[{"href":"https:\/\/schreinerei-kalbfuss.de\/en\/wp-json\/wp\/v2\/types\/page"}],"author":[{"embeddable":true,"href":"https:\/\/schreinerei-kalbfuss.de\/en\/wp-json\/wp\/v2\/users\/1"}],"replies":[{"embeddable":true,"href":"https:\/\/schreinerei-kalbfuss.de\/en\/wp-json\/wp\/v2\/comments?post=458"}],"version-history":[{"count":10,"href":"https:\/\/schreinerei-kalbfuss.de\/en\/wp-json\/wp\/v2\/pages\/458\/revisions"}],"predecessor-version":[{"id":483,"href":"https:\/\/schreinerei-kalbfuss.de\/en\/wp-json\/wp\/v2\/pages\/458\/revisions\/483"}],"wp:attachment":[{"href":"https:\/\/schreinerei-kalbfuss.de\/en\/wp-json\/wp\/v2\/media?parent=458"}],"curies":[{"name":"wp","href":"https:\/\/api.w.org\/{rel}","templated":true}]}}