{"id":54,"date":"2015-07-20T08:44:38","date_gmt":"2015-07-20T08:44:38","guid":{"rendered":"http:\/\/kalbfuss.apps-1and1.net\/?page_id=54"},"modified":"2025-02-26T20:12:11","modified_gmt":"2025-02-26T20:12:11","slug":"objekteinrichtungen","status":"publish","type":"page","link":"https:\/\/schreinerei-kalbfuss.de\/en\/objekteinrichtungen\/","title":{"rendered":"Object interiors"},"content":{"rendered":"<p><img loading=\"lazy\" decoding=\"async\" class=\"aligncenter size-full wp-image-299\" src=\"https:\/\/schreinerei-kalbfuss.de\/wp-content\/uploads\/2015\/10\/skylounge01.jpg\" alt=\"skylounge01\" width=\"1170\" height=\"420\" srcset=\"https:\/\/schreinerei-kalbfuss.de\/wp-content\/uploads\/2015\/10\/skylounge01.jpg 1170w, https:\/\/schreinerei-kalbfuss.de\/wp-content\/uploads\/2015\/10\/skylounge01-300x108.jpg 300w, https:\/\/schreinerei-kalbfuss.de\/wp-content\/uploads\/2015\/10\/skylounge01-1024x368.jpg 1024w\" sizes=\"auto, (max-width: 1170px) 100vw, 1170px\" \/><\/p>\n<div class=\"text-big-2\">F U R N I S H I N G S<img loading=\"lazy\" decoding=\"async\" class=\"alignright wp-image-301\" src=\"https:\/\/schreinerei-kalbfuss.de\/wp-content\/uploads\/2015\/10\/empfangstheke01.jpg\" alt=\"empfangstheke01\" width=\"275\" height=\"275\" srcset=\"https:\/\/schreinerei-kalbfuss.de\/wp-content\/uploads\/2015\/10\/empfangstheke01.jpg 300w, https:\/\/schreinerei-kalbfuss.de\/wp-content\/uploads\/2015\/10\/empfangstheke01-150x150.jpg 150w\" sizes=\"auto, (max-width: 275px) 100vw, 275px\" \/><\/div>\n<p>Customers, clients and patients feel most comfortable where they are warmly welcomed and valued. With a spacious reception, elegant waiting area and individual furnishings.<\/p>\n<p>What works in offices, conference rooms, law firms and doctors' surgeries is even more effective in retail - with shelf design, product presentation, lighting, counters and many small details that we can impressively stage for you.<\/p>\n<p>Are you thinking that administrative buildings are gloomy? They are not when we take care of the interior design. We recently gave a new administrative building in the Leimen town hall a completely new, modern and friendly look.<\/p>\n\n<div class=\"n2-section-smartslider fitvidsignore\" data-ssid=\"8\" tabindex=\"0\" role=\"region\" aria-label=\"Slider\" style=\"height:555px;\"><div id=\"n2-ss-8-align\" class=\"n2-ss-align\"><div class=\"n2-padding\"><template id=\"n2-ss-8_t\" data-loading-type=\"afterDelay\" data-loading-delay=\"50\"><div id=\"n2-ss-8\" data-creator=\"Smart Slider 3\" data-responsive=\"auto\" class=\"n2-ss-slider n2-ow n2-has-hover n2notransition\">\n        <div class=\"n2-ss-slider-1 n2_ss__touch_element n2-ow\">\n            <div class=\"n2-ss-slider-2 n2-ow\">\n                                                    <div class=\"n2-ss-background-animation n2-ow\"><\/div>\n                                <div class=\"n2-ss-slider-3 n2-ow\">\n\n                    <div class=\"n2-ss-slide-backgrounds n2-ow-all\"><div class=\"n2-ss-slide-background\" data-public-id=\"1\" data-mode=\"fit\"><div class=\"n2-ss-slide-background-image\" data-blur=\"0\" data-opacity=\"100\" data-x=\"58\" data-y=\"33\" data-alt=\"Schreinerei Kalbfuss Objekteinrichtung Leimen\" data-title=\"\" style=\"--ss-o-pos-x:58%;--ss-o-pos-y:33%\"><picture class=\"skip-lazy\" data-skip-lazy=\"1\"><img decoding=\"async\" src=\"\/\/schreinerei-kalbfuss.de\/wp-content\/uploads\/2025\/02\/ankleide_02_2025.jpg\" alt=\"Schreinerei Kalbfuss Objekteinrichtung Leimen\" title=\"\" loading=\"lazy\" class=\"skip-lazy\" data-skip-lazy=\"1\"><\/picture><\/div><div data-color=\"RGBA(255,255,255,0)\" style=\"background-color: RGBA(255,255,255,0);\" class=\"n2-ss-slide-background-color\"><\/div><\/div><div class=\"n2-ss-slide-background\" data-public-id=\"2\" data-mode=\"fit\" aria-hidden=\"true\"><div class=\"n2-ss-slide-background-image\" data-blur=\"0\" data-opacity=\"100\" data-x=\"58\" data-y=\"33\" data-alt=\"Schreinerei Kalbfuss Objekteinrichtung Leimen\" data-title=\"\" style=\"--ss-o-pos-x:58%;--ss-o-pos-y:33%\"><picture class=\"skip-lazy\" data-skip-lazy=\"1\"><img decoding=\"async\" src=\"\/\/schreinerei-kalbfuss.de\/wp-content\/uploads\/2025\/02\/tisch_01_2025.jpg\" alt=\"Schreinerei Kalbfuss Objekteinrichtung Leimen\" title=\"\" loading=\"lazy\" class=\"skip-lazy\" data-skip-lazy=\"1\"><\/picture><\/div><div data-color=\"RGBA(255,255,255,0)\" style=\"background-color: RGBA(255,255,255,0);\" class=\"n2-ss-slide-background-color\"><\/div><\/div><div class=\"n2-ss-slide-background\" data-public-id=\"3\" data-mode=\"fit\" aria-hidden=\"true\"><div class=\"n2-ss-slide-background-image\" data-blur=\"0\" data-opacity=\"100\" data-x=\"58\" data-y=\"33\" data-alt=\"Schreinerei Kalbfuss Objekteinrichtung Leimen\" data-title=\"\" style=\"--ss-o-pos-x:58%;--ss-o-pos-y:33%\"><picture class=\"skip-lazy\" data-skip-lazy=\"1\"><img decoding=\"async\" src=\"\/\/schreinerei-kalbfuss.de\/wp-content\/uploads\/2025\/02\/bueroschrank_01_2025.jpg\" alt=\"Schreinerei Kalbfuss Objekteinrichtung Leimen\" title=\"\" loading=\"lazy\" class=\"skip-lazy\" data-skip-lazy=\"1\"><\/picture><\/div><div data-color=\"RGBA(255,255,255,0)\" style=\"background-color: RGBA(255,255,255,0);\" class=\"n2-ss-slide-background-color\"><\/div><\/div><\/div>                    <div class=\"n2-ss-slider-4 n2-ow\">\n                        <svg xmlns=\"http:\/\/www.w3.org\/2000\/svg\" viewbox=\"0 0 1170 555\" data-related-device=\"desktopPortrait\" class=\"n2-ow n2-ss-preserve-size n2-ss-preserve-size--slider n2-ss-slide-limiter\"><\/svg><div data-first=\"1\" data-slide-duration=\"3\" data-id=\"56\" data-slide-public-id=\"1\" data-title=\"komplett\" class=\"n2-ss-slide n2-ow  n2-ss-slide-56\"><div role=\"note\" class=\"n2-ss-slide--focus\" tabindex=\"-1\">komplett<\/div><div class=\"n2-ss-layers-container n2-ss-slide-limiter n2-ow\"><div class=\"n2-ss-layer n2-ow n-uc-PPE5DVtFLKUS\" data-sstype=\"slide\" data-pm=\"default\"><\/div><\/div><\/div><div data-slide-duration=\"3\" data-id=\"57\" data-slide-public-id=\"2\" aria-hidden=\"true\" data-title=\"komplett\" class=\"n2-ss-slide n2-ow  n2-ss-slide-57\"><div role=\"note\" class=\"n2-ss-slide--focus\" tabindex=\"-1\">komplett<\/div><div class=\"n2-ss-layers-container n2-ss-slide-limiter n2-ow\"><div class=\"n2-ss-layer n2-ow n-uc-kWC5CH1Q5Fez\" data-sstype=\"slide\" data-pm=\"default\"><\/div><\/div><\/div><div data-slide-duration=\"3\" data-id=\"58\" data-slide-public-id=\"3\" aria-hidden=\"true\" data-title=\"komplett\" class=\"n2-ss-slide n2-ow  n2-ss-slide-58\"><div role=\"note\" class=\"n2-ss-slide--focus\" tabindex=\"-1\">komplett<\/div><div class=\"n2-ss-layers-container n2-ss-slide-limiter n2-ow\"><div class=\"n2-ss-layer n2-ow n-uc-f7Vinb6Z0F6I\" data-sstype=\"slide\" data-pm=\"default\"><\/div><\/div><\/div>                    <\/div>\n\n                                    <\/div>\n            <\/div>\n        <\/div>\n        <\/div><\/template><ss3-loader><\/ss3-loader><\/div><\/div><div class=\"n2_clear\"><\/div><\/div>\n\n\n<div class=\"wp-block-media-text alignwide is-stacked-on-mobile is-vertically-aligned-top\" style=\"grid-template-columns:26% auto\"><figure class=\"wp-block-media-text__media\"><img loading=\"lazy\" decoding=\"async\" width=\"300\" height=\"333\" src=\"https:\/\/schreinerei-kalbfuss.de\/wp-content\/uploads\/2025\/02\/ankleide_quadrat.png\" alt=\"\" class=\"wp-image-620 size-full\" srcset=\"https:\/\/schreinerei-kalbfuss.de\/wp-content\/uploads\/2025\/02\/ankleide_quadrat.png 300w, https:\/\/schreinerei-kalbfuss.de\/wp-content\/uploads\/2025\/02\/ankleide_quadrat-270x300.png 270w, https:\/\/schreinerei-kalbfuss.de\/wp-content\/uploads\/2025\/02\/ankleide_quadrat-11x12.png 11w\" sizes=\"auto, (max-width: 300px) 100vw, 300px\" \/><\/figure><div class=\"wp-block-media-text__content\">\n<p><b>Precision in perfection - customised interior fittings<\/b><br>Craftsmanship that is evident in every detail.<br><br>For this interior fit-out, a special architectural challenge had to be realised with the utmost precision: A building without right angles, characterised by flowing curves, different angles and trapezoidal shapes.<\/p>\n\n\n\n<p>Such sophisticated structures not only require precise planning, but also perfect coordination between digital technology and traditional craftsmanship. <\/p>\n\n\n\n<p>Each mould was first digitally recorded and precisely measured using the latest measuring technology. The data served as the basis for the exact production and millimetre-precise implementation.<\/p>\n<\/div><\/div>\n\n\n\n<p>With our many years of experience and a keen sense of material and form, we have manufactured the individual components in such a way that they fit seamlessly into the overall picture.<\/p>\n\n\n\n<p>The result: interior design that not only impresses aesthetically, but also in terms of functionality. For us, excellent craftsmanship is not a matter of pretension, but a matter of course. Every project is individual - perfection remains constant.<br><\/p>\n\n\n\n<hr class=\"wp-block-separator has-alpha-channel-opacity is-style-wide\"\/>\n\n\n<div class=\"n2-section-smartslider fitvidsignore\" data-ssid=\"3\" tabindex=\"0\" role=\"region\" aria-label=\"Slider\" style=\"height:555px;\"><div id=\"n2-ss-3-align\" class=\"n2-ss-align\"><div class=\"n2-padding\"><template id=\"n2-ss-3_t\" data-loading-type=\"afterDelay\" data-loading-delay=\"50\"><div id=\"n2-ss-3\" data-creator=\"Smart Slider 3\" data-responsive=\"auto\" class=\"n2-ss-slider n2-ow n2-has-hover n2notransition\">\n        <div class=\"n2-ss-slider-1 n2_ss__touch_element n2-ow\">\n            <div class=\"n2-ss-slider-2 n2-ow\">\n                                                    <div class=\"n2-ss-background-animation n2-ow\"><\/div>\n                                <div class=\"n2-ss-slider-3 n2-ow\">\n\n                    <div class=\"n2-ss-slide-backgrounds n2-ow-all\"><div class=\"n2-ss-slide-background\" data-public-id=\"1\" data-mode=\"fit\"><div class=\"n2-ss-slide-background-image\" data-blur=\"0\" data-opacity=\"100\" data-x=\"58\" data-y=\"33\" data-alt=\"Schreinerei Kalbfuss Objekteinrichtung Leimen\" data-title=\"\" style=\"--ss-o-pos-x:58%;--ss-o-pos-y:33%\"><picture class=\"skip-lazy\" data-skip-lazy=\"1\"><img decoding=\"async\" src=\"\/\/schreinerei-kalbfuss.de\/wp-content\/uploads\/2016\/09\/leimen01.jpg\" alt=\"Schreinerei Kalbfuss Objekteinrichtung Leimen\" title=\"\" loading=\"lazy\" class=\"skip-lazy\" data-skip-lazy=\"1\"><\/picture><\/div><div data-color=\"RGBA(255,255,255,0)\" style=\"background-color: RGBA(255,255,255,0);\" class=\"n2-ss-slide-background-color\"><\/div><\/div><div class=\"n2-ss-slide-background\" data-public-id=\"2\" data-mode=\"fit\" aria-hidden=\"true\"><div class=\"n2-ss-slide-background-image\" data-blur=\"0\" data-opacity=\"100\" data-x=\"58\" data-y=\"33\" data-alt=\"Schreinerei Kalbfuss Objekteinrichtung Leimen\" data-title=\"\" style=\"--ss-o-pos-x:58%;--ss-o-pos-y:33%\"><picture class=\"skip-lazy\" data-skip-lazy=\"1\"><img decoding=\"async\" src=\"\/\/schreinerei-kalbfuss.de\/wp-content\/uploads\/2016\/09\/leimen02.jpg\" alt=\"Schreinerei Kalbfuss Objekteinrichtung Leimen\" title=\"\" loading=\"lazy\" class=\"skip-lazy\" data-skip-lazy=\"1\"><\/picture><\/div><div data-color=\"RGBA(255,255,255,0)\" style=\"background-color: RGBA(255,255,255,0);\" class=\"n2-ss-slide-background-color\"><\/div><\/div><div class=\"n2-ss-slide-background\" data-public-id=\"3\" data-mode=\"fit\" aria-hidden=\"true\"><div class=\"n2-ss-slide-background-image\" data-blur=\"0\" data-opacity=\"100\" data-x=\"58\" data-y=\"33\" data-alt=\"Schreinerei Kalbfuss Objekteinrichtung Leimen\" data-title=\"\" style=\"--ss-o-pos-x:58%;--ss-o-pos-y:33%\"><picture class=\"skip-lazy\" data-skip-lazy=\"1\"><img decoding=\"async\" src=\"\/\/schreinerei-kalbfuss.de\/wp-content\/uploads\/2016\/10\/leimen04.jpg\" alt=\"Schreinerei Kalbfuss Objekteinrichtung Leimen\" title=\"\" loading=\"lazy\" class=\"skip-lazy\" data-skip-lazy=\"1\"><\/picture><\/div><div data-color=\"RGBA(255,255,255,0)\" style=\"background-color: RGBA(255,255,255,0);\" class=\"n2-ss-slide-background-color\"><\/div><\/div><div class=\"n2-ss-slide-background\" data-public-id=\"4\" data-mode=\"fit\" aria-hidden=\"true\"><div class=\"n2-ss-slide-background-image\" data-blur=\"0\" data-opacity=\"100\" data-x=\"58\" data-y=\"33\" data-alt=\"Schreinerei Kalbfuss Objekteinrichtung Leimen\" data-title=\"\" style=\"--ss-o-pos-x:58%;--ss-o-pos-y:33%\"><picture class=\"skip-lazy\" data-skip-lazy=\"1\"><img decoding=\"async\" src=\"\/\/schreinerei-kalbfuss.de\/wp-content\/uploads\/2016\/09\/leimen03.jpg\" alt=\"Schreinerei Kalbfuss Objekteinrichtung Leimen\" title=\"\" loading=\"lazy\" class=\"skip-lazy\" data-skip-lazy=\"1\"><\/picture><\/div><div data-color=\"RGBA(255,255,255,0)\" style=\"background-color: RGBA(255,255,255,0);\" class=\"n2-ss-slide-background-color\"><\/div><\/div><\/div>                    <div class=\"n2-ss-slider-4 n2-ow\">\n                        <svg xmlns=\"http:\/\/www.w3.org\/2000\/svg\" viewbox=\"0 0 1170 555\" data-related-device=\"desktopPortrait\" class=\"n2-ow n2-ss-preserve-size n2-ss-preserve-size--slider n2-ss-slide-limiter\"><\/svg><div data-first=\"1\" data-slide-duration=\"3\" data-id=\"18\" data-slide-public-id=\"1\" data-title=\"leimen1\" class=\"n2-ss-slide n2-ow  n2-ss-slide-18\"><div role=\"note\" class=\"n2-ss-slide--focus\" tabindex=\"-1\">leimen1<\/div><div class=\"n2-ss-layers-container n2-ss-slide-limiter n2-ow\"><div class=\"n2-ss-layer n2-ow n-uc-VlMP1lBzi32N\" data-sstype=\"slide\" data-pm=\"default\"><\/div><\/div><\/div><div data-slide-duration=\"3\" data-id=\"36\" data-slide-public-id=\"2\" aria-hidden=\"true\" data-title=\"leimen1\" class=\"n2-ss-slide n2-ow  n2-ss-slide-36\"><div role=\"note\" class=\"n2-ss-slide--focus\" tabindex=\"-1\">leimen1<\/div><div class=\"n2-ss-layers-container n2-ss-slide-limiter n2-ow\"><div class=\"n2-ss-layer n2-ow n-uc-SerC48o32FHH\" data-sstype=\"slide\" data-pm=\"default\"><\/div><\/div><\/div><div data-slide-duration=\"3\" data-id=\"37\" data-slide-public-id=\"3\" aria-hidden=\"true\" data-title=\"leimen1\" class=\"n2-ss-slide n2-ow  n2-ss-slide-37\"><div role=\"note\" class=\"n2-ss-slide--focus\" tabindex=\"-1\">leimen1<\/div><div class=\"n2-ss-layers-container n2-ss-slide-limiter n2-ow\"><div class=\"n2-ss-layer n2-ow n-uc-IUYswOWVmje1\" data-sstype=\"slide\" data-pm=\"default\"><\/div><\/div><\/div><div data-slide-duration=\"3\" data-id=\"38\" data-slide-public-id=\"4\" aria-hidden=\"true\" data-title=\"leimen1\" class=\"n2-ss-slide n2-ow  n2-ss-slide-38\"><div role=\"note\" class=\"n2-ss-slide--focus\" tabindex=\"-1\">leimen1<\/div><div class=\"n2-ss-layers-container n2-ss-slide-limiter n2-ow\"><div class=\"n2-ss-layer n2-ow n-uc-6HGzzu7uKnJa\" data-sstype=\"slide\" data-pm=\"default\"><\/div><\/div><\/div>                    <\/div>\n\n                                    <\/div>\n            <\/div>\n        <\/div>\n        <\/div><\/template><ss3-loader><\/ss3-loader><\/div><\/div><div class=\"n2_clear\"><\/div><\/div>\n\n\n<div class=\"wp-block-media-text alignwide is-stacked-on-mobile is-vertically-aligned-top\" style=\"grid-template-columns:26% auto\"><figure class=\"wp-block-media-text__media\"><img loading=\"lazy\" decoding=\"async\" width=\"300\" height=\"300\" src=\"https:\/\/schreinerei-kalbfuss.de\/wp-content\/uploads\/2016\/10\/rasterwand.jpg\" alt=\"\" class=\"wp-image-436 size-full\" srcset=\"https:\/\/schreinerei-kalbfuss.de\/wp-content\/uploads\/2016\/10\/rasterwand.jpg 300w, https:\/\/schreinerei-kalbfuss.de\/wp-content\/uploads\/2016\/10\/rasterwand-150x150.jpg 150w\" sizes=\"auto, (max-width: 300px) 100vw, 300px\" \/><\/figure><div class=\"wp-block-media-text__content\">\n<p><strong>Do you think administrative buildings are a gloomy place?<\/strong> <br>Not if WE take care of furnishing the property.<\/p>\n\n\n\n<p>We have given a new administrative building in Leimen town hall a completely new, modern and friendly look.<\/p>\n\n\n\n<p>The interior of the reception area is now friendly, bright and open. Glass partitions provide plenty of daylight and transparency, while a special wall cladding ensures pleasant acoustics.<br><br>Doors, window sills and stairs were designed in high-quality wood in a warm honey tone, making employees and visitors feel completely at ease and comfortable!<\/p>\n<\/div><\/div>\n\n\n\n<hr class=\"wp-block-separator has-alpha-channel-opacity\"\/>\n\n\n\n<p><strong>Schreinerei Kalbfuss - your specialist for exclusive interior design and customised fittings.<\/strong><\/p>\n\n\n<\/p>","protected":false},"excerpt":{"rendered":"<p>O B J E K T E I N R I C H T U N G E N Kunden, Mandanten und Patienten f\u00fchlen Sie dort am wohlsten, wo sie Wertsch\u00e4tzung sehen und sp\u00fcren. Wo man sie in stilvollem Ambiente begr\u00fc\u00dft und willkommen hei\u00dft. Mit gro\u00dfz\u00fcgigem Empfang, eleganter Wartezone und individueller Ausstattung. Und was in [&hellip;]<\/p>","protected":false},"author":1,"featured_media":0,"parent":0,"menu_order":3,"comment_status":"closed","ping_status":"open","template":"","meta":{"footnotes":""},"class_list":["post-54","page","type-page","status-publish","hentry"],"yoast_head":"<!-- This site is optimized with the Yoast SEO plugin v27.6 - https:\/\/yoast.com\/product\/yoast-seo-wordpress\/ -->\n<title>Objekteinrichtungen - Schreinerei Kalbfuss<\/title>\n<meta name=\"robots\" content=\"index, follow, max-snippet:-1, max-image-preview:large, max-video-preview:-1\" \/>\n<link rel=\"canonical\" href=\"https:\/\/schreinerei-kalbfuss.de\/en\/objekteinrichtungen\/\" \/>\n<meta property=\"og:locale\" content=\"en_GB\" \/>\n<meta property=\"og:type\" content=\"article\" \/>\n<meta property=\"og:title\" content=\"Objekteinrichtungen - Schreinerei Kalbfuss\" \/>\n<meta property=\"og:description\" content=\"O B J E K T E I N R I C H T U N G E N Kunden, Mandanten und Patienten f\u00fchlen Sie dort am wohlsten, wo sie Wertsch\u00e4tzung sehen und sp\u00fcren. Wo man sie in stilvollem Ambiente begr\u00fc\u00dft und willkommen hei\u00dft. Mit gro\u00dfz\u00fcgigem Empfang, eleganter Wartezone und individueller Ausstattung. Und was in [&hellip;]\" \/>\n<meta property=\"og:url\" content=\"https:\/\/schreinerei-kalbfuss.de\/en\/objekteinrichtungen\/\" \/>\n<meta property=\"og:site_name\" content=\"Schreinerei Kalbfuss\" \/>\n<meta property=\"article:modified_time\" content=\"2025-02-26T20:12:11+00:00\" \/>\n<meta property=\"og:image\" content=\"https:\/\/schreinerei-kalbfuss.de\/wp-content\/uploads\/2015\/10\/skylounge01.jpg\" \/>\n\t<meta property=\"og:image:width\" content=\"1170\" \/>\n\t<meta property=\"og:image:height\" content=\"420\" \/>\n\t<meta property=\"og:image:type\" content=\"image\/jpeg\" \/>\n<meta name=\"twitter:card\" content=\"summary_large_image\" \/>\n<meta name=\"twitter:label1\" content=\"Estimated reading time\" \/>\n\t<meta name=\"twitter:data1\" content=\"3 minutes\" \/>\n<script type=\"application\/ld+json\" class=\"yoast-schema-graph\">{\"@context\":\"https:\\\/\\\/schema.org\",\"@graph\":[{\"@type\":\"WebPage\",\"@id\":\"https:\\\/\\\/schreinerei-kalbfuss.de\\\/objekteinrichtungen\\\/\",\"url\":\"https:\\\/\\\/schreinerei-kalbfuss.de\\\/objekteinrichtungen\\\/\",\"name\":\"Objekteinrichtungen - Schreinerei Kalbfuss\",\"isPartOf\":{\"@id\":\"https:\\\/\\\/schreinerei-kalbfuss.de\\\/#website\"},\"primaryImageOfPage\":{\"@id\":\"https:\\\/\\\/schreinerei-kalbfuss.de\\\/objekteinrichtungen\\\/#primaryimage\"},\"image\":{\"@id\":\"https:\\\/\\\/schreinerei-kalbfuss.de\\\/objekteinrichtungen\\\/#primaryimage\"},\"thumbnailUrl\":\"https:\\\/\\\/schreinerei-kalbfuss.de\\\/wp-content\\\/uploads\\\/2015\\\/10\\\/skylounge01.jpg\",\"datePublished\":\"2015-07-20T08:44:38+00:00\",\"dateModified\":\"2025-02-26T20:12:11+00:00\",\"breadcrumb\":{\"@id\":\"https:\\\/\\\/schreinerei-kalbfuss.de\\\/objekteinrichtungen\\\/#breadcrumb\"},\"inLanguage\":\"en-GB\",\"potentialAction\":[{\"@type\":\"ReadAction\",\"target\":[\"https:\\\/\\\/schreinerei-kalbfuss.de\\\/objekteinrichtungen\\\/\"]}]},{\"@type\":\"ImageObject\",\"inLanguage\":\"en-GB\",\"@id\":\"https:\\\/\\\/schreinerei-kalbfuss.de\\\/objekteinrichtungen\\\/#primaryimage\",\"url\":\"https:\\\/\\\/schreinerei-kalbfuss.de\\\/wp-content\\\/uploads\\\/2015\\\/10\\\/skylounge01.jpg\",\"contentUrl\":\"https:\\\/\\\/schreinerei-kalbfuss.de\\\/wp-content\\\/uploads\\\/2015\\\/10\\\/skylounge01.jpg\"},{\"@type\":\"BreadcrumbList\",\"@id\":\"https:\\\/\\\/schreinerei-kalbfuss.de\\\/objekteinrichtungen\\\/#breadcrumb\",\"itemListElement\":[{\"@type\":\"ListItem\",\"position\":1,\"name\":\"Startseite\",\"item\":\"https:\\\/\\\/schreinerei-kalbfuss.de\\\/\"},{\"@type\":\"ListItem\",\"position\":2,\"name\":\"Objekteinrichtungen\"}]},{\"@type\":\"WebSite\",\"@id\":\"https:\\\/\\\/schreinerei-kalbfuss.de\\\/#website\",\"url\":\"https:\\\/\\\/schreinerei-kalbfuss.de\\\/\",\"name\":\"Schreinerei Kalbfuss\",\"description\":\"\",\"publisher\":{\"@id\":\"https:\\\/\\\/schreinerei-kalbfuss.de\\\/#organization\"},\"potentialAction\":[{\"@type\":\"SearchAction\",\"target\":{\"@type\":\"EntryPoint\",\"urlTemplate\":\"https:\\\/\\\/schreinerei-kalbfuss.de\\\/?s={search_term_string}\"},\"query-input\":{\"@type\":\"PropertyValueSpecification\",\"valueRequired\":true,\"valueName\":\"search_term_string\"}}],\"inLanguage\":\"en-GB\"},{\"@type\":\"Organization\",\"@id\":\"https:\\\/\\\/schreinerei-kalbfuss.de\\\/#organization\",\"name\":\"Schreinerei Kalbfuss\",\"url\":\"https:\\\/\\\/schreinerei-kalbfuss.de\\\/\",\"logo\":{\"@type\":\"ImageObject\",\"inLanguage\":\"en-GB\",\"@id\":\"https:\\\/\\\/schreinerei-kalbfuss.de\\\/#\\\/schema\\\/logo\\\/image\\\/\",\"url\":\"https:\\\/\\\/schreinerei-kalbfuss.de\\\/wp-content\\\/uploads\\\/2022\\\/11\\\/dreieck-mblau03.gif\",\"contentUrl\":\"https:\\\/\\\/schreinerei-kalbfuss.de\\\/wp-content\\\/uploads\\\/2022\\\/11\\\/dreieck-mblau03.gif\",\"width\":90,\"height\":90,\"caption\":\"Schreinerei Kalbfuss\"},\"image\":{\"@id\":\"https:\\\/\\\/schreinerei-kalbfuss.de\\\/#\\\/schema\\\/logo\\\/image\\\/\"}}]}<\/script>\n<!-- \/ Yoast SEO plugin. -->","yoast_head_json":{"title":"Objekteinrichtungen - Schreinerei Kalbfuss","robots":{"index":"index","follow":"follow","max-snippet":"max-snippet:-1","max-image-preview":"max-image-preview:large","max-video-preview":"max-video-preview:-1"},"canonical":"https:\/\/schreinerei-kalbfuss.de\/en\/objekteinrichtungen\/","og_locale":"en_GB","og_type":"article","og_title":"Objekteinrichtungen - Schreinerei Kalbfuss","og_description":"O B J E K T E I N R I C H T U N G E N Kunden, Mandanten und Patienten f\u00fchlen Sie dort am wohlsten, wo sie Wertsch\u00e4tzung sehen und sp\u00fcren. Wo man sie in stilvollem Ambiente begr\u00fc\u00dft und willkommen hei\u00dft. Mit gro\u00dfz\u00fcgigem Empfang, eleganter Wartezone und individueller Ausstattung. Und was in [&hellip;]","og_url":"https:\/\/schreinerei-kalbfuss.de\/en\/objekteinrichtungen\/","og_site_name":"Schreinerei Kalbfuss","article_modified_time":"2025-02-26T20:12:11+00:00","og_image":[{"width":1170,"height":420,"url":"https:\/\/schreinerei-kalbfuss.de\/wp-content\/uploads\/2015\/10\/skylounge01.jpg","type":"image\/jpeg"}],"twitter_card":"summary_large_image","twitter_misc":{"Estimated reading time":"3 minutes"},"schema":{"@context":"https:\/\/schema.org","@graph":[{"@type":"WebPage","@id":"https:\/\/schreinerei-kalbfuss.de\/objekteinrichtungen\/","url":"https:\/\/schreinerei-kalbfuss.de\/objekteinrichtungen\/","name":"Objekteinrichtungen - Schreinerei Kalbfuss","isPartOf":{"@id":"https:\/\/schreinerei-kalbfuss.de\/#website"},"primaryImageOfPage":{"@id":"https:\/\/schreinerei-kalbfuss.de\/objekteinrichtungen\/#primaryimage"},"image":{"@id":"https:\/\/schreinerei-kalbfuss.de\/objekteinrichtungen\/#primaryimage"},"thumbnailUrl":"https:\/\/schreinerei-kalbfuss.de\/wp-content\/uploads\/2015\/10\/skylounge01.jpg","datePublished":"2015-07-20T08:44:38+00:00","dateModified":"2025-02-26T20:12:11+00:00","breadcrumb":{"@id":"https:\/\/schreinerei-kalbfuss.de\/objekteinrichtungen\/#breadcrumb"},"inLanguage":"en-GB","potentialAction":[{"@type":"ReadAction","target":["https:\/\/schreinerei-kalbfuss.de\/objekteinrichtungen\/"]}]},{"@type":"ImageObject","inLanguage":"en-GB","@id":"https:\/\/schreinerei-kalbfuss.de\/objekteinrichtungen\/#primaryimage","url":"https:\/\/schreinerei-kalbfuss.de\/wp-content\/uploads\/2015\/10\/skylounge01.jpg","contentUrl":"https:\/\/schreinerei-kalbfuss.de\/wp-content\/uploads\/2015\/10\/skylounge01.jpg"},{"@type":"BreadcrumbList","@id":"https:\/\/schreinerei-kalbfuss.de\/objekteinrichtungen\/#breadcrumb","itemListElement":[{"@type":"ListItem","position":1,"name":"Startseite","item":"https:\/\/schreinerei-kalbfuss.de\/"},{"@type":"ListItem","position":2,"name":"Objekteinrichtungen"}]},{"@type":"WebSite","@id":"https:\/\/schreinerei-kalbfuss.de\/#website","url":"https:\/\/schreinerei-kalbfuss.de\/","name":"Schreinerei Kalbfuss","description":"","publisher":{"@id":"https:\/\/schreinerei-kalbfuss.de\/#organization"},"potentialAction":[{"@type":"SearchAction","target":{"@type":"EntryPoint","urlTemplate":"https:\/\/schreinerei-kalbfuss.de\/?s={search_term_string}"},"query-input":{"@type":"PropertyValueSpecification","valueRequired":true,"valueName":"search_term_string"}}],"inLanguage":"en-GB"},{"@type":"Organization","@id":"https:\/\/schreinerei-kalbfuss.de\/#organization","name":"Schreinerei Kalbfuss","url":"https:\/\/schreinerei-kalbfuss.de\/","logo":{"@type":"ImageObject","inLanguage":"en-GB","@id":"https:\/\/schreinerei-kalbfuss.de\/#\/schema\/logo\/image\/","url":"https:\/\/schreinerei-kalbfuss.de\/wp-content\/uploads\/2022\/11\/dreieck-mblau03.gif","contentUrl":"https:\/\/schreinerei-kalbfuss.de\/wp-content\/uploads\/2022\/11\/dreieck-mblau03.gif","width":90,"height":90,"caption":"Schreinerei Kalbfuss"},"image":{"@id":"https:\/\/schreinerei-kalbfuss.de\/#\/schema\/logo\/image\/"}}]}},"_links":{"self":[{"href":"https:\/\/schreinerei-kalbfuss.de\/en\/wp-json\/wp\/v2\/pages\/54","targetHints":{"allow":["GET"]}}],"collection":[{"href":"https:\/\/schreinerei-kalbfuss.de\/en\/wp-json\/wp\/v2\/pages"}],"about":[{"href":"https:\/\/schreinerei-kalbfuss.de\/en\/wp-json\/wp\/v2\/types\/page"}],"author":[{"embeddable":true,"href":"https:\/\/schreinerei-kalbfuss.de\/en\/wp-json\/wp\/v2\/users\/1"}],"replies":[{"embeddable":true,"href":"https:\/\/schreinerei-kalbfuss.de\/en\/wp-json\/wp\/v2\/comments?post=54"}],"version-history":[{"count":51,"href":"https:\/\/schreinerei-kalbfuss.de\/en\/wp-json\/wp\/v2\/pages\/54\/revisions"}],"predecessor-version":[{"id":629,"href":"https:\/\/schreinerei-kalbfuss.de\/en\/wp-json\/wp\/v2\/pages\/54\/revisions\/629"}],"wp:attachment":[{"href":"https:\/\/schreinerei-kalbfuss.de\/en\/wp-json\/wp\/v2\/media?parent=54"}],"curies":[{"name":"wp","href":"https:\/\/api.w.org\/{rel}","templated":true}]}}